{"id":958,"date":"2023-12-19T17:03:15","date_gmt":"2023-12-19T17:03:15","guid":{"rendered":"https:\/\/picota.pt\/?page_id=958"},"modified":"2025-07-22T13:28:02","modified_gmt":"2025-07-22T13:28:02","slug":"colecao-tejo","status":"publish","type":"page","link":"https:\/\/picota.pt\/index.php\/colecao-tejo\/","title":{"rendered":"COLE\u00c7\u00c3O TEJO (CB)"},"content":{"rendered":"\t\t<div data-elementor-type=\"wp-page\" data-elementor-id=\"958\" class=\"elementor elementor-958\" data-elementor-post-type=\"page\">\n\t\t\t\t\t\t<section class=\"elementor-section elementor-top-section elementor-element elementor-element-5bf1e15d elementor-section-content-middle elementor-section-boxed elementor-section-height-default elementor-section-height-default\" data-id=\"5bf1e15d\" data-element_type=\"section\" data-settings=\"{&quot;background_background&quot;:&quot;classic&quot;}\">\n\t\t\t\t\t\t\t<div class=\"elementor-background-overlay\"><\/div>\n\t\t\t\t\t\t\t<div class=\"elementor-container elementor-column-gap-default\">\n\t\t\t\t\t<div class=\"elementor-column elementor-col-100 elementor-top-column elementor-element elementor-element-2fa6352c\" data-id=\"2fa6352c\" data-element_type=\"column\">\n\t\t\t<div class=\"elementor-widget-wrap elementor-element-populated\">\n\t\t\t\t\t\t<div class=\"elementor-element elementor-element-f0cf505 de_scroll_animation_no elementor-widget elementor-widget-heading\" data-id=\"f0cf505\" data-element_type=\"widget\" data-widget_type=\"heading.default\">\n\t\t\t\t<div class=\"elementor-widget-container\">\n\t\t\t<style>\/*! elementor - v3.19.0 - 05-02-2024 *\/\n.elementor-heading-title{padding:0;margin:0;line-height:1}.elementor-widget-heading .elementor-heading-title[class*=elementor-size-]>a{color:inherit;font-size:inherit;line-height:inherit}.elementor-widget-heading .elementor-heading-title.elementor-size-small{font-size:15px}.elementor-widget-heading .elementor-heading-title.elementor-size-medium{font-size:19px}.elementor-widget-heading .elementor-heading-title.elementor-size-large{font-size:29px}.elementor-widget-heading .elementor-heading-title.elementor-size-xl{font-size:39px}.elementor-widget-heading .elementor-heading-title.elementor-size-xxl{font-size:59px}<\/style><h2 class=\"elementor-heading-title elementor-size-default\">cole\u00e7\u00e3o TEJO<\/h2>\t\t<\/div>\n\t\t\t\t<\/div>\n\t\t\t\t\t<\/div>\n\t\t<\/div>\n\t\t\t\t\t<\/div>\n\t\t<\/section>\n\t\t\t\t<section class=\"elementor-section elementor-top-section elementor-element elementor-element-9e03146 elementor-section-height-min-height elementor-section-content-middle elementor-section-boxed elementor-section-height-default elementor-section-items-middle\" data-id=\"9e03146\" data-element_type=\"section\" data-settings=\"{&quot;background_background&quot;:&quot;classic&quot;}\">\n\t\t\t\t\t\t<div class=\"elementor-container elementor-column-gap-default\">\n\t\t\t\t\t<div class=\"elementor-column elementor-col-33 elementor-top-column elementor-element elementor-element-510d8f5\" data-id=\"510d8f5\" data-element_type=\"column\">\n\t\t\t<div class=\"elementor-widget-wrap elementor-element-populated\">\n\t\t\t\t\t\t<div class=\"elementor-element elementor-element-4eee250 animated-slow de_scroll_animation_no elementor-invisible elementor-widget elementor-widget-image\" data-id=\"4eee250\" data-element_type=\"widget\" data-settings=\"{&quot;_animation&quot;:&quot;fadeIn&quot;}\" data-widget_type=\"image.default\">\n\t\t\t\t<div class=\"elementor-widget-container\">\n\t\t\t<style>\/*! elementor - v3.19.0 - 05-02-2024 *\/\n.elementor-widget-image{text-align:center}.elementor-widget-image a{display:inline-block}.elementor-widget-image a img[src$=\".svg\"]{width:48px}.elementor-widget-image img{vertical-align:middle;display:inline-block}<\/style>\t\t\t\t\t\t\t\t\t\t\t<a href=\"https:\/\/picota.pt\/index.php\/monocomandolavatoriotejo\/\">\n\t\t\t\t\t\t\t<img fetchpriority=\"high\" decoding=\"async\" width=\"1102\" height=\"1023\" src=\"https:\/\/picota.pt\/wp-content\/uploads\/2025\/07\/Ativo-63Logoactaa.png\" class=\"attachment-full size-full wp-image-3740\" alt=\"\" srcset=\"https:\/\/picota.pt\/wp-content\/uploads\/2025\/07\/Ativo-63Logoactaa.png 1102w, https:\/\/picota.pt\/wp-content\/uploads\/2025\/07\/Ativo-63Logoactaa-300x278.png 300w, https:\/\/picota.pt\/wp-content\/uploads\/2025\/07\/Ativo-63Logoactaa-1024x951.png 1024w, https:\/\/picota.pt\/wp-content\/uploads\/2025\/07\/Ativo-63Logoactaa-768x713.png 768w\" sizes=\"(max-width: 1102px) 100vw, 1102px\" \/>\t\t\t\t\t\t\t\t<\/a>\n\t\t\t\t\t\t\t\t\t\t\t\t\t<\/div>\n\t\t\t\t<\/div>\n\t\t\t\t<div class=\"elementor-element elementor-element-e66528b animated-slow de_scroll_animation_no elementor-invisible elementor-widget elementor-widget-heading\" data-id=\"e66528b\" data-element_type=\"widget\" data-settings=\"{&quot;_animation&quot;:&quot;fadeIn&quot;}\" data-widget_type=\"heading.default\">\n\t\t\t\t<div class=\"elementor-widget-container\">\n\t\t\t<h2 class=\"elementor-heading-title elementor-size-default\"><a href=\"https:\/\/picota.pt\/index.php\/monocomandolavatoriotejo\/\">Monocomando Lavat\u00f3rio TEJO<\/a><\/h2>\t\t<\/div>\n\t\t\t\t<\/div>\n\t\t\t\t<div class=\"elementor-element elementor-element-93078e0 de_scroll_animation_no elementor-invisible elementor-widget elementor-widget-text-editor\" data-id=\"93078e0\" data-element_type=\"widget\" data-settings=\"{&quot;_animation&quot;:&quot;fadeIn&quot;}\" data-widget_type=\"text-editor.default\">\n\t\t\t\t<div class=\"elementor-widget-container\">\n\t\t\t<style>\/*! elementor - v3.19.0 - 05-02-2024 *\/\n.elementor-widget-text-editor.elementor-drop-cap-view-stacked .elementor-drop-cap{background-color:#69727d;color:#fff}.elementor-widget-text-editor.elementor-drop-cap-view-framed .elementor-drop-cap{color:#69727d;border:3px solid;background-color:transparent}.elementor-widget-text-editor:not(.elementor-drop-cap-view-default) .elementor-drop-cap{margin-top:8px}.elementor-widget-text-editor:not(.elementor-drop-cap-view-default) .elementor-drop-cap-letter{width:1em;height:1em}.elementor-widget-text-editor .elementor-drop-cap{float:left;text-align:center;line-height:1;font-size:50px}.elementor-widget-text-editor .elementor-drop-cap-letter{display:inline-block}<\/style>\t\t\t\t<p>REF: PC05.01<\/p>\t\t\t\t\t\t<\/div>\n\t\t\t\t<\/div>\n\t\t\t\t\t<\/div>\n\t\t<\/div>\n\t\t\t\t<div class=\"elementor-column elementor-col-33 elementor-top-column elementor-element elementor-element-2704b6a\" data-id=\"2704b6a\" data-element_type=\"column\">\n\t\t\t<div class=\"elementor-widget-wrap elementor-element-populated\">\n\t\t\t\t\t\t<div class=\"elementor-element elementor-element-edab7cb animated-slow de_scroll_animation_no elementor-invisible elementor-widget elementor-widget-image\" data-id=\"edab7cb\" data-element_type=\"widget\" data-settings=\"{&quot;_animation&quot;:&quot;fadeIn&quot;}\" data-widget_type=\"image.default\">\n\t\t\t\t<div class=\"elementor-widget-container\">\n\t\t\t\t\t\t\t\t\t\t\t\t\t\t<a href=\"https:\/\/picota.pt\/index.php\/duplicated-monocomando-bide-tejo\/\">\n\t\t\t\t\t\t\t<img decoding=\"async\" width=\"1080\" height=\"1080\" src=\"https:\/\/picota.pt\/wp-content\/uploads\/2025\/07\/Sem-Titulo-1.png\" class=\"attachment-full size-full wp-image-3860\" alt=\"\" srcset=\"https:\/\/picota.pt\/wp-content\/uploads\/2025\/07\/Sem-Titulo-1.png 1080w, https:\/\/picota.pt\/wp-content\/uploads\/2025\/07\/Sem-Titulo-1-300x300.png 300w, https:\/\/picota.pt\/wp-content\/uploads\/2025\/07\/Sem-Titulo-1-1024x1024.png 1024w, https:\/\/picota.pt\/wp-content\/uploads\/2025\/07\/Sem-Titulo-1-150x150.png 150w, https:\/\/picota.pt\/wp-content\/uploads\/2025\/07\/Sem-Titulo-1-768x768.png 768w\" sizes=\"(max-width: 1080px) 100vw, 1080px\" \/>\t\t\t\t\t\t\t\t<\/a>\n\t\t\t\t\t\t\t\t\t\t\t\t\t<\/div>\n\t\t\t\t<\/div>\n\t\t\t\t<div class=\"elementor-element elementor-element-95922ab animated-slow de_scroll_animation_no elementor-invisible elementor-widget elementor-widget-heading\" data-id=\"95922ab\" data-element_type=\"widget\" data-settings=\"{&quot;_animation&quot;:&quot;fadeIn&quot;}\" data-widget_type=\"heading.default\">\n\t\t\t\t<div class=\"elementor-widget-container\">\n\t\t\t<h2 class=\"elementor-heading-title elementor-size-default\"><a href=\"https:\/\/picota.pt\/index.php\/duplicated-monocomando-bide-tejo\/\">monocomando <br>bID\u00c9 TEJO<\/a><\/h2>\t\t<\/div>\n\t\t\t\t<\/div>\n\t\t\t\t<div class=\"elementor-element elementor-element-ba6bb98 de_scroll_animation_no elementor-invisible elementor-widget elementor-widget-text-editor\" data-id=\"ba6bb98\" data-element_type=\"widget\" data-settings=\"{&quot;_animation&quot;:&quot;fadeIn&quot;}\" data-widget_type=\"text-editor.default\">\n\t\t\t\t<div class=\"elementor-widget-container\">\n\t\t\t\t\t\t\t<p>REF: PC05.02<\/p>\t\t\t\t\t\t<\/div>\n\t\t\t\t<\/div>\n\t\t\t\t\t<\/div>\n\t\t<\/div>\n\t\t\t\t<div class=\"elementor-column elementor-col-33 elementor-top-column elementor-element elementor-element-e9b49f8\" data-id=\"e9b49f8\" data-element_type=\"column\">\n\t\t\t<div class=\"elementor-widget-wrap elementor-element-populated\">\n\t\t\t\t\t\t<div class=\"elementor-element elementor-element-9576a38 animated-slow de_scroll_animation_no elementor-invisible elementor-widget elementor-widget-image\" data-id=\"9576a38\" data-element_type=\"widget\" data-settings=\"{&quot;_animation&quot;:&quot;fadeIn&quot;}\" data-widget_type=\"image.default\">\n\t\t\t\t<div class=\"elementor-widget-container\">\n\t\t\t\t\t\t\t\t\t\t\t\t\t\t<a href=\"https:\/\/picota.pt\/index.php\/monocomando-lavatorio-alto-tejo\/\">\n\t\t\t\t\t\t\t<img decoding=\"async\" width=\"1080\" height=\"1080\" src=\"https:\/\/picota.pt\/wp-content\/uploads\/2025\/07\/Sem-Titulo-11.png\" class=\"attachment-full size-full wp-image-3864\" alt=\"\" srcset=\"https:\/\/picota.pt\/wp-content\/uploads\/2025\/07\/Sem-Titulo-11.png 1080w, https:\/\/picota.pt\/wp-content\/uploads\/2025\/07\/Sem-Titulo-11-300x300.png 300w, https:\/\/picota.pt\/wp-content\/uploads\/2025\/07\/Sem-Titulo-11-1024x1024.png 1024w, https:\/\/picota.pt\/wp-content\/uploads\/2025\/07\/Sem-Titulo-11-150x150.png 150w, https:\/\/picota.pt\/wp-content\/uploads\/2025\/07\/Sem-Titulo-11-768x768.png 768w\" sizes=\"(max-width: 1080px) 100vw, 1080px\" \/>\t\t\t\t\t\t\t\t<\/a>\n\t\t\t\t\t\t\t\t\t\t\t\t\t<\/div>\n\t\t\t\t<\/div>\n\t\t\t\t<div class=\"elementor-element elementor-element-4e2c706 animated-slow de_scroll_animation_no elementor-invisible elementor-widget elementor-widget-heading\" data-id=\"4e2c706\" data-element_type=\"widget\" data-settings=\"{&quot;_animation&quot;:&quot;fadeIn&quot;}\" data-widget_type=\"heading.default\">\n\t\t\t\t<div class=\"elementor-widget-container\">\n\t\t\t<h2 class=\"elementor-heading-title elementor-size-default\"><a href=\"https:\/\/picota.pt\/index.php\/monocomando-lavatorio-alto-tejo\/\">monocomando<br>LAVAT\u00d3RIO ALTO TEJO<\/a><\/h2>\t\t<\/div>\n\t\t\t\t<\/div>\n\t\t\t\t<div class=\"elementor-element elementor-element-053c7bb de_scroll_animation_no elementor-invisible elementor-widget elementor-widget-text-editor\" data-id=\"053c7bb\" data-element_type=\"widget\" data-settings=\"{&quot;_animation&quot;:&quot;fadeIn&quot;}\" data-widget_type=\"text-editor.default\">\n\t\t\t\t<div class=\"elementor-widget-container\">\n\t\t\t\t\t\t\t<p>REF: PC05.03<\/p>\t\t\t\t\t\t<\/div>\n\t\t\t\t<\/div>\n\t\t\t\t\t<\/div>\n\t\t<\/div>\n\t\t\t\t\t<\/div>\n\t\t<\/section>\n\t\t\t\t<section class=\"elementor-section elementor-top-section elementor-element elementor-element-c271539 elementor-section-height-min-height elementor-section-content-middle elementor-section-boxed elementor-section-height-default elementor-section-items-middle\" data-id=\"c271539\" data-element_type=\"section\" data-settings=\"{&quot;background_background&quot;:&quot;classic&quot;}\">\n\t\t\t\t\t\t<div class=\"elementor-container elementor-column-gap-default\">\n\t\t\t\t\t<div class=\"elementor-column elementor-col-33 elementor-top-column elementor-element elementor-element-2fad46a\" data-id=\"2fad46a\" data-element_type=\"column\">\n\t\t\t<div class=\"elementor-widget-wrap elementor-element-populated\">\n\t\t\t\t\t\t<div class=\"elementor-element elementor-element-151f59f animated-slow de_scroll_animation_no elementor-invisible elementor-widget elementor-widget-image\" data-id=\"151f59f\" data-element_type=\"widget\" data-settings=\"{&quot;_animation&quot;:&quot;fadeIn&quot;}\" data-widget_type=\"image.default\">\n\t\t\t\t<div class=\"elementor-widget-container\">\n\t\t\t\t\t\t\t\t\t\t\t\t\t\t<a href=\"https:\/\/picota.pt\/index.php\/monocomando-duche-encastrar-tejo\/\">\n\t\t\t\t\t\t\t<img loading=\"lazy\" decoding=\"async\" width=\"1080\" height=\"1080\" src=\"https:\/\/picota.pt\/wp-content\/uploads\/2025\/07\/aaaa.jpg\" class=\"attachment-full size-full wp-image-3873\" alt=\"\" srcset=\"https:\/\/picota.pt\/wp-content\/uploads\/2025\/07\/aaaa.jpg 1080w, https:\/\/picota.pt\/wp-content\/uploads\/2025\/07\/aaaa-300x300.jpg 300w, https:\/\/picota.pt\/wp-content\/uploads\/2025\/07\/aaaa-1024x1024.jpg 1024w, https:\/\/picota.pt\/wp-content\/uploads\/2025\/07\/aaaa-150x150.jpg 150w, https:\/\/picota.pt\/wp-content\/uploads\/2025\/07\/aaaa-768x768.jpg 768w\" sizes=\"(max-width: 1080px) 100vw, 1080px\" \/>\t\t\t\t\t\t\t\t<\/a>\n\t\t\t\t\t\t\t\t\t\t\t\t\t<\/div>\n\t\t\t\t<\/div>\n\t\t\t\t<div class=\"elementor-element elementor-element-62af70b animated-slow de_scroll_animation_no elementor-invisible elementor-widget elementor-widget-heading\" data-id=\"62af70b\" data-element_type=\"widget\" data-settings=\"{&quot;_animation&quot;:&quot;fadeIn&quot;}\" data-widget_type=\"heading.default\">\n\t\t\t\t<div class=\"elementor-widget-container\">\n\t\t\t<h2 class=\"elementor-heading-title elementor-size-default\"><a href=\"https:\/\/picota.pt\/index.php\/monocomando-duche-encastrar-tejo\/\">monocomando\nDuche ENCASTRAR TEJO<\/a><\/h2>\t\t<\/div>\n\t\t\t\t<\/div>\n\t\t\t\t<div class=\"elementor-element elementor-element-5433944 de_scroll_animation_no elementor-invisible elementor-widget elementor-widget-text-editor\" data-id=\"5433944\" data-element_type=\"widget\" data-settings=\"{&quot;_animation&quot;:&quot;fadeIn&quot;}\" data-widget_type=\"text-editor.default\">\n\t\t\t\t<div class=\"elementor-widget-container\">\n\t\t\t\t\t\t\t<p>REF: PC05.0603<\/p>\t\t\t\t\t\t<\/div>\n\t\t\t\t<\/div>\n\t\t\t\t\t<\/div>\n\t\t<\/div>\n\t\t\t\t<div class=\"elementor-column elementor-col-33 elementor-top-column elementor-element elementor-element-14a8d24\" data-id=\"14a8d24\" data-element_type=\"column\">\n\t\t\t<div class=\"elementor-widget-wrap elementor-element-populated\">\n\t\t\t\t\t\t<div class=\"elementor-element elementor-element-a8f1c5d animated-slow de_scroll_animation_no elementor-invisible elementor-widget elementor-widget-image\" data-id=\"a8f1c5d\" data-element_type=\"widget\" data-settings=\"{&quot;_animation&quot;:&quot;fadeIn&quot;}\" data-widget_type=\"image.default\">\n\t\t\t\t<div class=\"elementor-widget-container\">\n\t\t\t\t\t\t\t\t\t\t\t\t\t\t<a href=\"https:\/\/picota.pt\/index.php\/monocomando-banheira-encastrar-tejo\/\">\n\t\t\t\t\t\t\t<img loading=\"lazy\" decoding=\"async\" width=\"1080\" height=\"1080\" src=\"https:\/\/picota.pt\/wp-content\/uploads\/2025\/07\/Monocomando-Banheira-Encastrar-Tejo.jpg\" class=\"attachment-full size-full wp-image-3882\" alt=\"\" srcset=\"https:\/\/picota.pt\/wp-content\/uploads\/2025\/07\/Monocomando-Banheira-Encastrar-Tejo.jpg 1080w, https:\/\/picota.pt\/wp-content\/uploads\/2025\/07\/Monocomando-Banheira-Encastrar-Tejo-300x300.jpg 300w, https:\/\/picota.pt\/wp-content\/uploads\/2025\/07\/Monocomando-Banheira-Encastrar-Tejo-1024x1024.jpg 1024w, https:\/\/picota.pt\/wp-content\/uploads\/2025\/07\/Monocomando-Banheira-Encastrar-Tejo-150x150.jpg 150w, https:\/\/picota.pt\/wp-content\/uploads\/2025\/07\/Monocomando-Banheira-Encastrar-Tejo-768x768.jpg 768w\" sizes=\"(max-width: 1080px) 100vw, 1080px\" \/>\t\t\t\t\t\t\t\t<\/a>\n\t\t\t\t\t\t\t\t\t\t\t\t\t<\/div>\n\t\t\t\t<\/div>\n\t\t\t\t<div class=\"elementor-element elementor-element-55709bd animated-slow de_scroll_animation_no elementor-invisible elementor-widget elementor-widget-heading\" data-id=\"55709bd\" data-element_type=\"widget\" data-settings=\"{&quot;_animation&quot;:&quot;fadeIn&quot;}\" data-widget_type=\"heading.default\">\n\t\t\t\t<div class=\"elementor-widget-container\">\n\t\t\t<h2 class=\"elementor-heading-title elementor-size-default\"><a href=\"https:\/\/picota.pt\/index.php\/monocomando-banheira-encastrar-tejo\/\">monocomando <br>Banheira ENCASTRAR ESPELHO COMUM<\/a><\/h2>\t\t<\/div>\n\t\t\t\t<\/div>\n\t\t\t\t<div class=\"elementor-element elementor-element-2ffe37a de_scroll_animation_no elementor-invisible elementor-widget elementor-widget-text-editor\" data-id=\"2ffe37a\" data-element_type=\"widget\" data-settings=\"{&quot;_animation&quot;:&quot;fadeIn&quot;}\" data-widget_type=\"text-editor.default\">\n\t\t\t\t<div class=\"elementor-widget-container\">\n\t\t\t\t\t\t\t<p>REF: PC05.0703<\/p>\t\t\t\t\t\t<\/div>\n\t\t\t\t<\/div>\n\t\t\t\t\t<\/div>\n\t\t<\/div>\n\t\t\t\t<div class=\"elementor-column elementor-col-33 elementor-top-column elementor-element elementor-element-477e1c7\" data-id=\"477e1c7\" data-element_type=\"column\">\n\t\t\t<div class=\"elementor-widget-wrap\">\n\t\t\t\t\t\t\t<\/div>\n\t\t<\/div>\n\t\t\t\t\t<\/div>\n\t\t<\/section>\n\t\t\t\t<\/div>\n\t\t","protected":false},"excerpt":{"rendered":"<p>cole\u00e7\u00e3o TEJO Monocomando Lavat\u00f3rio TEJO REF: PC05.01 monocomando bID\u00c9 TEJO REF: PC05.02 monocomandoLAVAT\u00d3RIO ALTO TEJO REF: PC05.03 monocomando Duche ENCASTRAR TEJO REF: PC05.0603 monocomando Banheira ENCASTRAR ESPELHO COMUM REF: PC05.0703<\/p>\n","protected":false},"author":1,"featured_media":0,"parent":0,"menu_order":0,"comment_status":"closed","ping_status":"closed","template":"elementor_header_footer","meta":{"footnotes":""},"yoast_head":"<!-- This site is optimized with the Yoast SEO plugin v22.3 - https:\/\/yoast.com\/wordpress\/plugins\/seo\/ -->\n<title>COLE\u00c7\u00c3O TEJO (CB) - Torneiras Picota<\/title>\n<meta name=\"robots\" content=\"index, follow, max-snippet:-1, max-image-preview:large, max-video-preview:-1\" \/>\n<link rel=\"canonical\" href=\"https:\/\/picota.pt\/index.php\/colecao-tejo\/\" \/>\n<meta property=\"og:locale\" content=\"en_US\" \/>\n<meta property=\"og:type\" content=\"article\" \/>\n<meta property=\"og:title\" content=\"COLE\u00c7\u00c3O TEJO (CB) - Torneiras Picota\" \/>\n<meta property=\"og:description\" content=\"cole\u00e7\u00e3o TEJO Monocomando Lavat\u00f3rio TEJO REF: PC05.01 monocomando bID\u00c9 TEJO REF: PC05.02 monocomandoLAVAT\u00d3RIO ALTO TEJO REF: PC05.03 monocomando Duche ENCASTRAR TEJO REF: PC05.0603 monocomando Banheira ENCASTRAR ESPELHO COMUM REF: PC05.0703\" \/>\n<meta property=\"og:url\" content=\"https:\/\/picota.pt\/index.php\/colecao-tejo\/\" \/>\n<meta property=\"og:site_name\" content=\"Torneiras Picota\" \/>\n<meta property=\"article:publisher\" content=\"https:\/\/www.facebook.com\/people\/Torneiras-Picota\/61556779479458\/\" \/>\n<meta property=\"article:modified_time\" content=\"2025-07-22T13:28:02+00:00\" \/>\n<meta property=\"og:image\" content=\"https:\/\/picota.pt\/wp-content\/uploads\/2025\/07\/Ativo-63Logoactaa.png\" \/>\n<meta name=\"twitter:card\" content=\"summary_large_image\" \/>\n<meta name=\"twitter:label1\" content=\"Est. reading time\" \/>\n\t<meta name=\"twitter:data1\" content=\"2 minutes\" \/>\n<script type=\"application\/ld+json\" class=\"yoast-schema-graph\">{\"@context\":\"https:\/\/schema.org\",\"@graph\":[{\"@type\":\"WebPage\",\"@id\":\"https:\/\/picota.pt\/index.php\/colecao-tejo\/\",\"url\":\"https:\/\/picota.pt\/index.php\/colecao-tejo\/\",\"name\":\"COLE\u00c7\u00c3O TEJO (CB) - Torneiras Picota\",\"isPartOf\":{\"@id\":\"https:\/\/picota.pt\/#website\"},\"primaryImageOfPage\":{\"@id\":\"https:\/\/picota.pt\/index.php\/colecao-tejo\/#primaryimage\"},\"image\":{\"@id\":\"https:\/\/picota.pt\/index.php\/colecao-tejo\/#primaryimage\"},\"thumbnailUrl\":\"https:\/\/picota.pt\/wp-content\/uploads\/2025\/07\/Ativo-63Logoactaa.png\",\"datePublished\":\"2023-12-19T17:03:15+00:00\",\"dateModified\":\"2025-07-22T13:28:02+00:00\",\"breadcrumb\":{\"@id\":\"https:\/\/picota.pt\/index.php\/colecao-tejo\/#breadcrumb\"},\"inLanguage\":\"en-US\",\"potentialAction\":[{\"@type\":\"ReadAction\",\"target\":[\"https:\/\/picota.pt\/index.php\/colecao-tejo\/\"]}]},{\"@type\":\"ImageObject\",\"inLanguage\":\"en-US\",\"@id\":\"https:\/\/picota.pt\/index.php\/colecao-tejo\/#primaryimage\",\"url\":\"https:\/\/picota.pt\/wp-content\/uploads\/2025\/07\/Ativo-63Logoactaa.png\",\"contentUrl\":\"https:\/\/picota.pt\/wp-content\/uploads\/2025\/07\/Ativo-63Logoactaa.png\",\"width\":1102,\"height\":1023},{\"@type\":\"BreadcrumbList\",\"@id\":\"https:\/\/picota.pt\/index.php\/colecao-tejo\/#breadcrumb\",\"itemListElement\":[{\"@type\":\"ListItem\",\"position\":1,\"name\":\"Home\",\"item\":\"https:\/\/picota.pt\/\"},{\"@type\":\"ListItem\",\"position\":2,\"name\":\"COLE\u00c7\u00c3O TEJO (CB)\"}]},{\"@type\":\"WebSite\",\"@id\":\"https:\/\/picota.pt\/#website\",\"url\":\"https:\/\/picota.pt\/\",\"name\":\"Torneiras Picota\",\"description\":\"Inova\u00e7\u00e3o que flui, eleg\u00e2ncia que perdura\",\"publisher\":{\"@id\":\"https:\/\/picota.pt\/#organization\"},\"alternateName\":\"Torneiras Picota\",\"potentialAction\":[{\"@type\":\"SearchAction\",\"target\":{\"@type\":\"EntryPoint\",\"urlTemplate\":\"https:\/\/picota.pt\/?s={search_term_string}\"},\"query-input\":\"required name=search_term_string\"}],\"inLanguage\":\"en-US\"},{\"@type\":\"Organization\",\"@id\":\"https:\/\/picota.pt\/#organization\",\"name\":\"Torneiras Picota\",\"alternateName\":\"Picota\",\"url\":\"https:\/\/picota.pt\/\",\"logo\":{\"@type\":\"ImageObject\",\"inLanguage\":\"en-US\",\"@id\":\"https:\/\/picota.pt\/#\/schema\/logo\/image\/\",\"url\":\"https:\/\/picota.pt\/wp-content\/uploads\/2024\/03\/PICOTA-yaostseo.png\",\"contentUrl\":\"https:\/\/picota.pt\/wp-content\/uploads\/2024\/03\/PICOTA-yaostseo.png\",\"width\":696,\"height\":696,\"caption\":\"Torneiras Picota\"},\"image\":{\"@id\":\"https:\/\/picota.pt\/#\/schema\/logo\/image\/\"},\"sameAs\":[\"https:\/\/www.facebook.com\/people\/Torneiras-Picota\/61556779479458\/\",\"https:\/\/www.instagram.com\/torneiraspicota\/\",\"https:\/\/www.linkedin.com\/company\/torneiraspicota\"]}]}<\/script>\n<!-- \/ Yoast SEO plugin. -->","yoast_head_json":{"title":"COLE\u00c7\u00c3O TEJO (CB) - Torneiras Picota","robots":{"index":"index","follow":"follow","max-snippet":"max-snippet:-1","max-image-preview":"max-image-preview:large","max-video-preview":"max-video-preview:-1"},"canonical":"https:\/\/picota.pt\/index.php\/colecao-tejo\/","og_locale":"en_US","og_type":"article","og_title":"COLE\u00c7\u00c3O TEJO (CB) - Torneiras Picota","og_description":"cole\u00e7\u00e3o TEJO Monocomando Lavat\u00f3rio TEJO REF: PC05.01 monocomando bID\u00c9 TEJO REF: PC05.02 monocomandoLAVAT\u00d3RIO ALTO TEJO REF: PC05.03 monocomando Duche ENCASTRAR TEJO REF: PC05.0603 monocomando Banheira ENCASTRAR ESPELHO COMUM REF: PC05.0703","og_url":"https:\/\/picota.pt\/index.php\/colecao-tejo\/","og_site_name":"Torneiras Picota","article_publisher":"https:\/\/www.facebook.com\/people\/Torneiras-Picota\/61556779479458\/","article_modified_time":"2025-07-22T13:28:02+00:00","og_image":[{"url":"https:\/\/picota.pt\/wp-content\/uploads\/2025\/07\/Ativo-63Logoactaa.png"}],"twitter_card":"summary_large_image","twitter_misc":{"Est. reading time":"2 minutes"},"schema":{"@context":"https:\/\/schema.org","@graph":[{"@type":"WebPage","@id":"https:\/\/picota.pt\/index.php\/colecao-tejo\/","url":"https:\/\/picota.pt\/index.php\/colecao-tejo\/","name":"COLE\u00c7\u00c3O TEJO (CB) - Torneiras Picota","isPartOf":{"@id":"https:\/\/picota.pt\/#website"},"primaryImageOfPage":{"@id":"https:\/\/picota.pt\/index.php\/colecao-tejo\/#primaryimage"},"image":{"@id":"https:\/\/picota.pt\/index.php\/colecao-tejo\/#primaryimage"},"thumbnailUrl":"https:\/\/picota.pt\/wp-content\/uploads\/2025\/07\/Ativo-63Logoactaa.png","datePublished":"2023-12-19T17:03:15+00:00","dateModified":"2025-07-22T13:28:02+00:00","breadcrumb":{"@id":"https:\/\/picota.pt\/index.php\/colecao-tejo\/#breadcrumb"},"inLanguage":"en-US","potentialAction":[{"@type":"ReadAction","target":["https:\/\/picota.pt\/index.php\/colecao-tejo\/"]}]},{"@type":"ImageObject","inLanguage":"en-US","@id":"https:\/\/picota.pt\/index.php\/colecao-tejo\/#primaryimage","url":"https:\/\/picota.pt\/wp-content\/uploads\/2025\/07\/Ativo-63Logoactaa.png","contentUrl":"https:\/\/picota.pt\/wp-content\/uploads\/2025\/07\/Ativo-63Logoactaa.png","width":1102,"height":1023},{"@type":"BreadcrumbList","@id":"https:\/\/picota.pt\/index.php\/colecao-tejo\/#breadcrumb","itemListElement":[{"@type":"ListItem","position":1,"name":"Home","item":"https:\/\/picota.pt\/"},{"@type":"ListItem","position":2,"name":"COLE\u00c7\u00c3O TEJO (CB)"}]},{"@type":"WebSite","@id":"https:\/\/picota.pt\/#website","url":"https:\/\/picota.pt\/","name":"Torneiras Picota","description":"Inova\u00e7\u00e3o que flui, eleg\u00e2ncia que perdura","publisher":{"@id":"https:\/\/picota.pt\/#organization"},"alternateName":"Torneiras Picota","potentialAction":[{"@type":"SearchAction","target":{"@type":"EntryPoint","urlTemplate":"https:\/\/picota.pt\/?s={search_term_string}"},"query-input":"required name=search_term_string"}],"inLanguage":"en-US"},{"@type":"Organization","@id":"https:\/\/picota.pt\/#organization","name":"Torneiras Picota","alternateName":"Picota","url":"https:\/\/picota.pt\/","logo":{"@type":"ImageObject","inLanguage":"en-US","@id":"https:\/\/picota.pt\/#\/schema\/logo\/image\/","url":"https:\/\/picota.pt\/wp-content\/uploads\/2024\/03\/PICOTA-yaostseo.png","contentUrl":"https:\/\/picota.pt\/wp-content\/uploads\/2024\/03\/PICOTA-yaostseo.png","width":696,"height":696,"caption":"Torneiras Picota"},"image":{"@id":"https:\/\/picota.pt\/#\/schema\/logo\/image\/"},"sameAs":["https:\/\/www.facebook.com\/people\/Torneiras-Picota\/61556779479458\/","https:\/\/www.instagram.com\/torneiraspicota\/","https:\/\/www.linkedin.com\/company\/torneiraspicota"]}]}},"_links":{"self":[{"href":"https:\/\/picota.pt\/index.php\/wp-json\/wp\/v2\/pages\/958"}],"collection":[{"href":"https:\/\/picota.pt\/index.php\/wp-json\/wp\/v2\/pages"}],"about":[{"href":"https:\/\/picota.pt\/index.php\/wp-json\/wp\/v2\/types\/page"}],"author":[{"embeddable":true,"href":"https:\/\/picota.pt\/index.php\/wp-json\/wp\/v2\/users\/1"}],"replies":[{"embeddable":true,"href":"https:\/\/picota.pt\/index.php\/wp-json\/wp\/v2\/comments?post=958"}],"version-history":[{"count":21,"href":"https:\/\/picota.pt\/index.php\/wp-json\/wp\/v2\/pages\/958\/revisions"}],"predecessor-version":[{"id":4181,"href":"https:\/\/picota.pt\/index.php\/wp-json\/wp\/v2\/pages\/958\/revisions\/4181"}],"wp:attachment":[{"href":"https:\/\/picota.pt\/index.php\/wp-json\/wp\/v2\/media?parent=958"}],"curies":[{"name":"wp","href":"https:\/\/api.w.org\/{rel}","templated":true}]}}