{"id":954,"date":"2023-12-19T17:01:51","date_gmt":"2023-12-19T17:01:51","guid":{"rendered":"https:\/\/picota.pt\/?page_id=954"},"modified":"2025-07-22T12:39:09","modified_gmt":"2025-07-22T12:39:09","slug":"colecao-cavado","status":"publish","type":"page","link":"https:\/\/picota.pt\/index.php\/colecao-cavado\/","title":{"rendered":"COLE\u00c7\u00c3O LIS"},"content":{"rendered":"\t\t<div data-elementor-type=\"wp-page\" data-elementor-id=\"954\" class=\"elementor elementor-954\" data-elementor-post-type=\"page\">\n\t\t\t\t\t\t<section class=\"elementor-section elementor-top-section elementor-element elementor-element-5bf1e15d elementor-section-content-middle elementor-section-boxed elementor-section-height-default elementor-section-height-default\" data-id=\"5bf1e15d\" data-element_type=\"section\" data-settings=\"{&quot;background_background&quot;:&quot;classic&quot;}\">\n\t\t\t\t\t\t\t<div class=\"elementor-background-overlay\"><\/div>\n\t\t\t\t\t\t\t<div class=\"elementor-container elementor-column-gap-default\">\n\t\t\t\t\t<div class=\"elementor-column elementor-col-100 elementor-top-column elementor-element elementor-element-2fa6352c\" data-id=\"2fa6352c\" data-element_type=\"column\">\n\t\t\t<div class=\"elementor-widget-wrap elementor-element-populated\">\n\t\t\t\t\t\t<div class=\"elementor-element elementor-element-f0cf505 de_scroll_animation_no elementor-widget elementor-widget-heading\" data-id=\"f0cf505\" data-element_type=\"widget\" data-widget_type=\"heading.default\">\n\t\t\t\t<div class=\"elementor-widget-container\">\n\t\t\t<style>\/*! elementor - v3.19.0 - 05-02-2024 *\/\n.elementor-heading-title{padding:0;margin:0;line-height:1}.elementor-widget-heading .elementor-heading-title[class*=elementor-size-]>a{color:inherit;font-size:inherit;line-height:inherit}.elementor-widget-heading .elementor-heading-title.elementor-size-small{font-size:15px}.elementor-widget-heading .elementor-heading-title.elementor-size-medium{font-size:19px}.elementor-widget-heading .elementor-heading-title.elementor-size-large{font-size:29px}.elementor-widget-heading .elementor-heading-title.elementor-size-xl{font-size:39px}.elementor-widget-heading .elementor-heading-title.elementor-size-xxl{font-size:59px}<\/style><h2 class=\"elementor-heading-title elementor-size-default\">cole\u00e7\u00e3o lis<\/h2>\t\t<\/div>\n\t\t\t\t<\/div>\n\t\t\t\t\t<\/div>\n\t\t<\/div>\n\t\t\t\t\t<\/div>\n\t\t<\/section>\n\t\t\t\t<section class=\"elementor-section elementor-top-section elementor-element elementor-element-b98bb1b elementor-section-height-min-height elementor-section-content-middle elementor-section-boxed elementor-section-height-default elementor-section-items-middle\" data-id=\"b98bb1b\" data-element_type=\"section\" data-settings=\"{&quot;background_background&quot;:&quot;classic&quot;}\">\n\t\t\t\t\t\t<div class=\"elementor-container elementor-column-gap-default\">\n\t\t\t\t\t<div class=\"elementor-column elementor-col-25 elementor-top-column elementor-element elementor-element-7eee05a\" data-id=\"7eee05a\" data-element_type=\"column\">\n\t\t\t<div class=\"elementor-widget-wrap elementor-element-populated\">\n\t\t\t\t\t\t<div class=\"elementor-element elementor-element-9b6d85b animated-slow de_scroll_animation_no elementor-invisible elementor-widget elementor-widget-image\" data-id=\"9b6d85b\" data-element_type=\"widget\" data-settings=\"{&quot;_animation&quot;:&quot;fadeIn&quot;}\" data-widget_type=\"image.default\">\n\t\t\t\t<div class=\"elementor-widget-container\">\n\t\t\t<style>\/*! elementor - v3.19.0 - 05-02-2024 *\/\n.elementor-widget-image{text-align:center}.elementor-widget-image a{display:inline-block}.elementor-widget-image a img[src$=\".svg\"]{width:48px}.elementor-widget-image img{vertical-align:middle;display:inline-block}<\/style>\t\t\t\t\t\t\t<figure class=\"wp-caption\">\n\t\t\t\t\t\t\t\t\t\t\t<a href=\"https:\/\/picota.pt\/index.php\/monocomando-lavatorio-lis\/\">\n\t\t\t\t\t\t\t<img fetchpriority=\"high\" decoding=\"async\" width=\"1080\" height=\"1080\" src=\"https:\/\/picota.pt\/wp-content\/uploads\/2024\/12\/Monocomando-Lavatorio-LIS.png\" class=\"attachment-full size-full wp-image-3510\" alt=\"Monocomando Lavato\u0301rio LIS\" srcset=\"https:\/\/picota.pt\/wp-content\/uploads\/2024\/12\/Monocomando-Lavatorio-LIS.png 1080w, https:\/\/picota.pt\/wp-content\/uploads\/2024\/12\/Monocomando-Lavatorio-LIS-300x300.png 300w, https:\/\/picota.pt\/wp-content\/uploads\/2024\/12\/Monocomando-Lavatorio-LIS-1024x1024.png 1024w, https:\/\/picota.pt\/wp-content\/uploads\/2024\/12\/Monocomando-Lavatorio-LIS-150x150.png 150w, https:\/\/picota.pt\/wp-content\/uploads\/2024\/12\/Monocomando-Lavatorio-LIS-768x768.png 768w\" sizes=\"(max-width: 1080px) 100vw, 1080px\" \/>\t\t\t\t\t\t\t\t<\/a>\n\t\t\t\t\t\t\t\t\t\t\t<figcaption class=\"widget-image-caption wp-caption-text\"><\/figcaption>\n\t\t\t\t\t\t\t\t\t\t<\/figure>\n\t\t\t\t\t\t\t<\/div>\n\t\t\t\t<\/div>\n\t\t\t\t<div class=\"elementor-element elementor-element-03e0c3e animated-slow elementor-widget__width-initial de_scroll_animation_no elementor-invisible elementor-widget elementor-widget-heading\" data-id=\"03e0c3e\" data-element_type=\"widget\" data-settings=\"{&quot;_animation&quot;:&quot;fadeIn&quot;}\" data-widget_type=\"heading.default\">\n\t\t\t\t<div class=\"elementor-widget-container\">\n\t\t\t<h2 class=\"elementor-heading-title elementor-size-default\"><a href=\"https:\/\/picota.pt\/index.php\/monocomando-lavatorio-lis\/\">Monocomando Lavat\u00f3rio lis<\/a><\/h2>\t\t<\/div>\n\t\t\t\t<\/div>\n\t\t\t\t<div class=\"elementor-element elementor-element-dbcf508 de_scroll_animation_no elementor-invisible elementor-widget elementor-widget-text-editor\" data-id=\"dbcf508\" data-element_type=\"widget\" data-settings=\"{&quot;_animation&quot;:&quot;fadeIn&quot;}\" data-widget_type=\"text-editor.default\">\n\t\t\t\t<div class=\"elementor-widget-container\">\n\t\t\t<style>\/*! elementor - v3.19.0 - 05-02-2024 *\/\n.elementor-widget-text-editor.elementor-drop-cap-view-stacked .elementor-drop-cap{background-color:#69727d;color:#fff}.elementor-widget-text-editor.elementor-drop-cap-view-framed .elementor-drop-cap{color:#69727d;border:3px solid;background-color:transparent}.elementor-widget-text-editor:not(.elementor-drop-cap-view-default) .elementor-drop-cap{margin-top:8px}.elementor-widget-text-editor:not(.elementor-drop-cap-view-default) .elementor-drop-cap-letter{width:1em;height:1em}.elementor-widget-text-editor .elementor-drop-cap{float:left;text-align:center;line-height:1;font-size:50px}.elementor-widget-text-editor .elementor-drop-cap-letter{display:inline-block}<\/style>\t\t\t\t<p>REF: PC15.01<\/p>\t\t\t\t\t\t<\/div>\n\t\t\t\t<\/div>\n\t\t\t\t\t<\/div>\n\t\t<\/div>\n\t\t\t\t<div class=\"elementor-column elementor-col-25 elementor-top-column elementor-element elementor-element-8d29a0a\" data-id=\"8d29a0a\" data-element_type=\"column\">\n\t\t\t<div class=\"elementor-widget-wrap elementor-element-populated\">\n\t\t\t\t\t\t<div class=\"elementor-element elementor-element-1daddcc animated-slow de_scroll_animation_no elementor-invisible elementor-widget elementor-widget-image\" data-id=\"1daddcc\" data-element_type=\"widget\" data-settings=\"{&quot;_animation&quot;:&quot;fadeIn&quot;}\" data-widget_type=\"image.default\">\n\t\t\t\t<div class=\"elementor-widget-container\">\n\t\t\t\t\t\t\t\t\t\t\t\t\t\t<a href=\"https:\/\/picota.pt\/index.php\/monocomando-lavatorio-s-haste\/\">\n\t\t\t\t\t\t\t<img decoding=\"async\" width=\"1080\" height=\"1080\" src=\"https:\/\/picota.pt\/wp-content\/uploads\/2024\/12\/Monocomando-lavatorio-Lis-S_haste.png\" class=\"attachment-full size-full wp-image-3520\" alt=\"\" srcset=\"https:\/\/picota.pt\/wp-content\/uploads\/2024\/12\/Monocomando-lavatorio-Lis-S_haste.png 1080w, https:\/\/picota.pt\/wp-content\/uploads\/2024\/12\/Monocomando-lavatorio-Lis-S_haste-300x300.png 300w, https:\/\/picota.pt\/wp-content\/uploads\/2024\/12\/Monocomando-lavatorio-Lis-S_haste-1024x1024.png 1024w, https:\/\/picota.pt\/wp-content\/uploads\/2024\/12\/Monocomando-lavatorio-Lis-S_haste-150x150.png 150w, https:\/\/picota.pt\/wp-content\/uploads\/2024\/12\/Monocomando-lavatorio-Lis-S_haste-768x768.png 768w\" sizes=\"(max-width: 1080px) 100vw, 1080px\" \/>\t\t\t\t\t\t\t\t<\/a>\n\t\t\t\t\t\t\t\t\t\t\t\t\t<\/div>\n\t\t\t\t<\/div>\n\t\t\t\t<div class=\"elementor-element elementor-element-ca05c0b animated-slow de_scroll_animation_no elementor-invisible elementor-widget elementor-widget-heading\" data-id=\"ca05c0b\" data-element_type=\"widget\" data-settings=\"{&quot;_animation&quot;:&quot;fadeIn&quot;}\" data-widget_type=\"heading.default\">\n\t\t\t\t<div class=\"elementor-widget-container\">\n\t\t\t<h2 class=\"elementor-heading-title elementor-size-default\"><a href=\"https:\/\/picota.pt\/index.php\/monocomando-lavatorio-s-haste\/\">Monocomando Lavat\u00f3rio lis s\/haste<\/a><\/h2>\t\t<\/div>\n\t\t\t\t<\/div>\n\t\t\t\t<div class=\"elementor-element elementor-element-f052dc4 de_scroll_animation_no elementor-invisible elementor-widget elementor-widget-text-editor\" data-id=\"f052dc4\" data-element_type=\"widget\" data-settings=\"{&quot;_animation&quot;:&quot;fadeIn&quot;}\" data-widget_type=\"text-editor.default\">\n\t\t\t\t<div class=\"elementor-widget-container\">\n\t\t\t\t\t\t\t<p>REF: PC15.0101<\/p>\t\t\t\t\t\t<\/div>\n\t\t\t\t<\/div>\n\t\t\t\t\t<\/div>\n\t\t<\/div>\n\t\t\t\t<div class=\"elementor-column elementor-col-25 elementor-top-column elementor-element elementor-element-432efd3\" data-id=\"432efd3\" data-element_type=\"column\">\n\t\t\t<div class=\"elementor-widget-wrap elementor-element-populated\">\n\t\t\t\t\t\t<div class=\"elementor-element elementor-element-c32b92b animated-slow de_scroll_animation_no elementor-invisible elementor-widget elementor-widget-image\" data-id=\"c32b92b\" data-element_type=\"widget\" data-settings=\"{&quot;_animation&quot;:&quot;fadeIn&quot;}\" data-widget_type=\"image.default\">\n\t\t\t\t<div class=\"elementor-widget-container\">\n\t\t\t\t\t\t\t\t\t\t\t\t\t\t<a href=\"https:\/\/picota.pt\/index.php\/monocomando-duche-encastrar-lis\/\">\n\t\t\t\t\t\t\t<img decoding=\"async\" width=\"1080\" height=\"1080\" src=\"https:\/\/picota.pt\/wp-content\/uploads\/2024\/12\/mONOCOMANDO-Duche-lis.png\" class=\"attachment-full size-full wp-image-3545\" alt=\"\" srcset=\"https:\/\/picota.pt\/wp-content\/uploads\/2024\/12\/mONOCOMANDO-Duche-lis.png 1080w, https:\/\/picota.pt\/wp-content\/uploads\/2024\/12\/mONOCOMANDO-Duche-lis-300x300.png 300w, https:\/\/picota.pt\/wp-content\/uploads\/2024\/12\/mONOCOMANDO-Duche-lis-1024x1024.png 1024w, https:\/\/picota.pt\/wp-content\/uploads\/2024\/12\/mONOCOMANDO-Duche-lis-150x150.png 150w, https:\/\/picota.pt\/wp-content\/uploads\/2024\/12\/mONOCOMANDO-Duche-lis-768x768.png 768w\" sizes=\"(max-width: 1080px) 100vw, 1080px\" \/>\t\t\t\t\t\t\t\t<\/a>\n\t\t\t\t\t\t\t\t\t\t\t\t\t<\/div>\n\t\t\t\t<\/div>\n\t\t\t\t<div class=\"elementor-element elementor-element-828c800 animated-slow de_scroll_animation_no elementor-invisible elementor-widget elementor-widget-heading\" data-id=\"828c800\" data-element_type=\"widget\" data-settings=\"{&quot;_animation&quot;:&quot;fadeIn&quot;}\" data-widget_type=\"heading.default\">\n\t\t\t\t<div class=\"elementor-widget-container\">\n\t\t\t<h2 class=\"elementor-heading-title elementor-size-default\"><a href=\"https:\/\/picota.pt\/index.php\/monocomando-duche-encastrar-lis\/\">monocomando <br>Duche encastrar lis<\/a><\/h2>\t\t<\/div>\n\t\t\t\t<\/div>\n\t\t\t\t<div class=\"elementor-element elementor-element-3e672ef de_scroll_animation_no elementor-invisible elementor-widget elementor-widget-text-editor\" data-id=\"3e672ef\" data-element_type=\"widget\" data-settings=\"{&quot;_animation&quot;:&quot;fadeIn&quot;}\" data-widget_type=\"text-editor.default\">\n\t\t\t\t<div class=\"elementor-widget-container\">\n\t\t\t\t\t\t\t<p>REF: PC15.0603<\/p>\t\t\t\t\t\t<\/div>\n\t\t\t\t<\/div>\n\t\t\t\t\t<\/div>\n\t\t<\/div>\n\t\t\t\t<div class=\"elementor-column elementor-col-25 elementor-top-column elementor-element elementor-element-8945866\" data-id=\"8945866\" data-element_type=\"column\">\n\t\t\t<div class=\"elementor-widget-wrap elementor-element-populated\">\n\t\t\t\t\t\t<div class=\"elementor-element elementor-element-9620204 animated-slow de_scroll_animation_no elementor-invisible elementor-widget elementor-widget-image\" data-id=\"9620204\" data-element_type=\"widget\" data-settings=\"{&quot;_animation&quot;:&quot;fadeIn&quot;}\" data-widget_type=\"image.default\">\n\t\t\t\t<div class=\"elementor-widget-container\">\n\t\t\t\t\t\t\t\t\t\t\t\t\t\t<a href=\"https:\/\/picota.pt\/index.php\/monocomando-banheira-encastrar-espelhos-individuais-lis\/\">\n\t\t\t\t\t\t\t<img loading=\"lazy\" decoding=\"async\" width=\"1080\" height=\"1080\" src=\"https:\/\/picota.pt\/wp-content\/uploads\/2024\/12\/Monocomando-Banheira-Encastrar-Espelhos-Individuais-Lis.png\" class=\"attachment-full size-full wp-image-3536\" alt=\"\" srcset=\"https:\/\/picota.pt\/wp-content\/uploads\/2024\/12\/Monocomando-Banheira-Encastrar-Espelhos-Individuais-Lis.png 1080w, https:\/\/picota.pt\/wp-content\/uploads\/2024\/12\/Monocomando-Banheira-Encastrar-Espelhos-Individuais-Lis-300x300.png 300w, https:\/\/picota.pt\/wp-content\/uploads\/2024\/12\/Monocomando-Banheira-Encastrar-Espelhos-Individuais-Lis-1024x1024.png 1024w, https:\/\/picota.pt\/wp-content\/uploads\/2024\/12\/Monocomando-Banheira-Encastrar-Espelhos-Individuais-Lis-150x150.png 150w, https:\/\/picota.pt\/wp-content\/uploads\/2024\/12\/Monocomando-Banheira-Encastrar-Espelhos-Individuais-Lis-768x768.png 768w\" sizes=\"(max-width: 1080px) 100vw, 1080px\" \/>\t\t\t\t\t\t\t\t<\/a>\n\t\t\t\t\t\t\t\t\t\t\t\t\t<\/div>\n\t\t\t\t<\/div>\n\t\t\t\t<div class=\"elementor-element elementor-element-c3db67b animated-slow de_scroll_animation_no elementor-invisible elementor-widget elementor-widget-heading\" data-id=\"c3db67b\" data-element_type=\"widget\" data-settings=\"{&quot;_animation&quot;:&quot;fadeIn&quot;}\" data-widget_type=\"heading.default\">\n\t\t\t\t<div class=\"elementor-widget-container\">\n\t\t\t<h2 class=\"elementor-heading-title elementor-size-default\"><a href=\"https:\/\/picota.pt\/index.php\/monocomando-banheira-encastrar-espelhos-individuais-lis\/\">monocomando<br>banheira encastrar espelhos individuais lis<\/a><\/h2>\t\t<\/div>\n\t\t\t\t<\/div>\n\t\t\t\t<div class=\"elementor-element elementor-element-c33b512 de_scroll_animation_no elementor-invisible elementor-widget elementor-widget-text-editor\" data-id=\"c33b512\" data-element_type=\"widget\" data-settings=\"{&quot;_animation&quot;:&quot;fadeIn&quot;}\" data-widget_type=\"text-editor.default\">\n\t\t\t\t<div class=\"elementor-widget-container\">\n\t\t\t\t\t\t\t<p>REF: PC15.0704<\/p>\t\t\t\t\t\t<\/div>\n\t\t\t\t<\/div>\n\t\t\t\t\t<\/div>\n\t\t<\/div>\n\t\t\t\t\t<\/div>\n\t\t<\/section>\n\t\t\t\t<\/div>\n\t\t","protected":false},"excerpt":{"rendered":"<p>cole\u00e7\u00e3o lis Monocomando Lavat\u00f3rio lis REF: PC15.01 Monocomando Lavat\u00f3rio lis s\/haste REF: PC15.0101 monocomando Duche encastrar lis REF: PC15.0603 monocomandobanheira encastrar espelhos individuais lis REF: PC15.0704<\/p>\n","protected":false},"author":1,"featured_media":0,"parent":0,"menu_order":0,"comment_status":"closed","ping_status":"closed","template":"elementor_header_footer","meta":{"footnotes":""},"yoast_head":"<!-- This site is optimized with the Yoast SEO plugin v22.3 - https:\/\/yoast.com\/wordpress\/plugins\/seo\/ -->\n<title>COLE\u00c7\u00c3O LIS - Torneiras Picota<\/title>\n<meta name=\"robots\" content=\"index, follow, max-snippet:-1, max-image-preview:large, max-video-preview:-1\" \/>\n<link rel=\"canonical\" href=\"https:\/\/picota.pt\/index.php\/colecao-cavado\/\" \/>\n<meta property=\"og:locale\" content=\"en_US\" \/>\n<meta property=\"og:type\" content=\"article\" \/>\n<meta property=\"og:title\" content=\"COLE\u00c7\u00c3O LIS - Torneiras Picota\" \/>\n<meta property=\"og:description\" content=\"cole\u00e7\u00e3o lis Monocomando Lavat\u00f3rio lis REF: PC15.01 Monocomando Lavat\u00f3rio lis s\/haste REF: PC15.0101 monocomando Duche encastrar lis REF: PC15.0603 monocomandobanheira encastrar espelhos individuais lis REF: PC15.0704\" \/>\n<meta property=\"og:url\" content=\"https:\/\/picota.pt\/index.php\/colecao-cavado\/\" \/>\n<meta property=\"og:site_name\" content=\"Torneiras Picota\" \/>\n<meta property=\"article:publisher\" content=\"https:\/\/www.facebook.com\/people\/Torneiras-Picota\/61556779479458\/\" \/>\n<meta property=\"article:modified_time\" content=\"2025-07-22T12:39:09+00:00\" \/>\n<meta property=\"og:image\" content=\"https:\/\/picota.pt\/wp-content\/uploads\/2024\/12\/Monocomando-Lavatorio-LIS.png\" \/>\n<meta name=\"twitter:card\" content=\"summary_large_image\" \/>\n<meta name=\"twitter:label1\" content=\"Est. reading time\" \/>\n\t<meta name=\"twitter:data1\" content=\"1 minute\" \/>\n<script type=\"application\/ld+json\" class=\"yoast-schema-graph\">{\"@context\":\"https:\/\/schema.org\",\"@graph\":[{\"@type\":\"WebPage\",\"@id\":\"https:\/\/picota.pt\/index.php\/colecao-cavado\/\",\"url\":\"https:\/\/picota.pt\/index.php\/colecao-cavado\/\",\"name\":\"COLE\u00c7\u00c3O LIS - Torneiras Picota\",\"isPartOf\":{\"@id\":\"https:\/\/picota.pt\/#website\"},\"primaryImageOfPage\":{\"@id\":\"https:\/\/picota.pt\/index.php\/colecao-cavado\/#primaryimage\"},\"image\":{\"@id\":\"https:\/\/picota.pt\/index.php\/colecao-cavado\/#primaryimage\"},\"thumbnailUrl\":\"https:\/\/picota.pt\/wp-content\/uploads\/2024\/12\/Monocomando-Lavatorio-LIS.png\",\"datePublished\":\"2023-12-19T17:01:51+00:00\",\"dateModified\":\"2025-07-22T12:39:09+00:00\",\"breadcrumb\":{\"@id\":\"https:\/\/picota.pt\/index.php\/colecao-cavado\/#breadcrumb\"},\"inLanguage\":\"en-US\",\"potentialAction\":[{\"@type\":\"ReadAction\",\"target\":[\"https:\/\/picota.pt\/index.php\/colecao-cavado\/\"]}]},{\"@type\":\"ImageObject\",\"inLanguage\":\"en-US\",\"@id\":\"https:\/\/picota.pt\/index.php\/colecao-cavado\/#primaryimage\",\"url\":\"https:\/\/picota.pt\/wp-content\/uploads\/2024\/12\/Monocomando-Lavatorio-LIS.png\",\"contentUrl\":\"https:\/\/picota.pt\/wp-content\/uploads\/2024\/12\/Monocomando-Lavatorio-LIS.png\",\"width\":1080,\"height\":1080,\"caption\":\"Monocomando Lavato\u0301rio LIS\"},{\"@type\":\"BreadcrumbList\",\"@id\":\"https:\/\/picota.pt\/index.php\/colecao-cavado\/#breadcrumb\",\"itemListElement\":[{\"@type\":\"ListItem\",\"position\":1,\"name\":\"Home\",\"item\":\"https:\/\/picota.pt\/\"},{\"@type\":\"ListItem\",\"position\":2,\"name\":\"COLE\u00c7\u00c3O LIS\"}]},{\"@type\":\"WebSite\",\"@id\":\"https:\/\/picota.pt\/#website\",\"url\":\"https:\/\/picota.pt\/\",\"name\":\"Torneiras Picota\",\"description\":\"Inova\u00e7\u00e3o que flui, eleg\u00e2ncia que perdura\",\"publisher\":{\"@id\":\"https:\/\/picota.pt\/#organization\"},\"alternateName\":\"Torneiras Picota\",\"potentialAction\":[{\"@type\":\"SearchAction\",\"target\":{\"@type\":\"EntryPoint\",\"urlTemplate\":\"https:\/\/picota.pt\/?s={search_term_string}\"},\"query-input\":\"required name=search_term_string\"}],\"inLanguage\":\"en-US\"},{\"@type\":\"Organization\",\"@id\":\"https:\/\/picota.pt\/#organization\",\"name\":\"Torneiras Picota\",\"alternateName\":\"Picota\",\"url\":\"https:\/\/picota.pt\/\",\"logo\":{\"@type\":\"ImageObject\",\"inLanguage\":\"en-US\",\"@id\":\"https:\/\/picota.pt\/#\/schema\/logo\/image\/\",\"url\":\"https:\/\/picota.pt\/wp-content\/uploads\/2024\/03\/PICOTA-yaostseo.png\",\"contentUrl\":\"https:\/\/picota.pt\/wp-content\/uploads\/2024\/03\/PICOTA-yaostseo.png\",\"width\":696,\"height\":696,\"caption\":\"Torneiras Picota\"},\"image\":{\"@id\":\"https:\/\/picota.pt\/#\/schema\/logo\/image\/\"},\"sameAs\":[\"https:\/\/www.facebook.com\/people\/Torneiras-Picota\/61556779479458\/\",\"https:\/\/www.instagram.com\/torneiraspicota\/\",\"https:\/\/www.linkedin.com\/company\/torneiraspicota\"]}]}<\/script>\n<!-- \/ Yoast SEO plugin. -->","yoast_head_json":{"title":"COLE\u00c7\u00c3O LIS - Torneiras Picota","robots":{"index":"index","follow":"follow","max-snippet":"max-snippet:-1","max-image-preview":"max-image-preview:large","max-video-preview":"max-video-preview:-1"},"canonical":"https:\/\/picota.pt\/index.php\/colecao-cavado\/","og_locale":"en_US","og_type":"article","og_title":"COLE\u00c7\u00c3O LIS - Torneiras Picota","og_description":"cole\u00e7\u00e3o lis Monocomando Lavat\u00f3rio lis REF: PC15.01 Monocomando Lavat\u00f3rio lis s\/haste REF: PC15.0101 monocomando Duche encastrar lis REF: PC15.0603 monocomandobanheira encastrar espelhos individuais lis REF: PC15.0704","og_url":"https:\/\/picota.pt\/index.php\/colecao-cavado\/","og_site_name":"Torneiras Picota","article_publisher":"https:\/\/www.facebook.com\/people\/Torneiras-Picota\/61556779479458\/","article_modified_time":"2025-07-22T12:39:09+00:00","og_image":[{"url":"https:\/\/picota.pt\/wp-content\/uploads\/2024\/12\/Monocomando-Lavatorio-LIS.png"}],"twitter_card":"summary_large_image","twitter_misc":{"Est. reading time":"1 minute"},"schema":{"@context":"https:\/\/schema.org","@graph":[{"@type":"WebPage","@id":"https:\/\/picota.pt\/index.php\/colecao-cavado\/","url":"https:\/\/picota.pt\/index.php\/colecao-cavado\/","name":"COLE\u00c7\u00c3O LIS - Torneiras Picota","isPartOf":{"@id":"https:\/\/picota.pt\/#website"},"primaryImageOfPage":{"@id":"https:\/\/picota.pt\/index.php\/colecao-cavado\/#primaryimage"},"image":{"@id":"https:\/\/picota.pt\/index.php\/colecao-cavado\/#primaryimage"},"thumbnailUrl":"https:\/\/picota.pt\/wp-content\/uploads\/2024\/12\/Monocomando-Lavatorio-LIS.png","datePublished":"2023-12-19T17:01:51+00:00","dateModified":"2025-07-22T12:39:09+00:00","breadcrumb":{"@id":"https:\/\/picota.pt\/index.php\/colecao-cavado\/#breadcrumb"},"inLanguage":"en-US","potentialAction":[{"@type":"ReadAction","target":["https:\/\/picota.pt\/index.php\/colecao-cavado\/"]}]},{"@type":"ImageObject","inLanguage":"en-US","@id":"https:\/\/picota.pt\/index.php\/colecao-cavado\/#primaryimage","url":"https:\/\/picota.pt\/wp-content\/uploads\/2024\/12\/Monocomando-Lavatorio-LIS.png","contentUrl":"https:\/\/picota.pt\/wp-content\/uploads\/2024\/12\/Monocomando-Lavatorio-LIS.png","width":1080,"height":1080,"caption":"Monocomando Lavato\u0301rio LIS"},{"@type":"BreadcrumbList","@id":"https:\/\/picota.pt\/index.php\/colecao-cavado\/#breadcrumb","itemListElement":[{"@type":"ListItem","position":1,"name":"Home","item":"https:\/\/picota.pt\/"},{"@type":"ListItem","position":2,"name":"COLE\u00c7\u00c3O LIS"}]},{"@type":"WebSite","@id":"https:\/\/picota.pt\/#website","url":"https:\/\/picota.pt\/","name":"Torneiras Picota","description":"Inova\u00e7\u00e3o que flui, eleg\u00e2ncia que perdura","publisher":{"@id":"https:\/\/picota.pt\/#organization"},"alternateName":"Torneiras Picota","potentialAction":[{"@type":"SearchAction","target":{"@type":"EntryPoint","urlTemplate":"https:\/\/picota.pt\/?s={search_term_string}"},"query-input":"required name=search_term_string"}],"inLanguage":"en-US"},{"@type":"Organization","@id":"https:\/\/picota.pt\/#organization","name":"Torneiras Picota","alternateName":"Picota","url":"https:\/\/picota.pt\/","logo":{"@type":"ImageObject","inLanguage":"en-US","@id":"https:\/\/picota.pt\/#\/schema\/logo\/image\/","url":"https:\/\/picota.pt\/wp-content\/uploads\/2024\/03\/PICOTA-yaostseo.png","contentUrl":"https:\/\/picota.pt\/wp-content\/uploads\/2024\/03\/PICOTA-yaostseo.png","width":696,"height":696,"caption":"Torneiras Picota"},"image":{"@id":"https:\/\/picota.pt\/#\/schema\/logo\/image\/"},"sameAs":["https:\/\/www.facebook.com\/people\/Torneiras-Picota\/61556779479458\/","https:\/\/www.instagram.com\/torneiraspicota\/","https:\/\/www.linkedin.com\/company\/torneiraspicota"]}]}},"_links":{"self":[{"href":"https:\/\/picota.pt\/index.php\/wp-json\/wp\/v2\/pages\/954"}],"collection":[{"href":"https:\/\/picota.pt\/index.php\/wp-json\/wp\/v2\/pages"}],"about":[{"href":"https:\/\/picota.pt\/index.php\/wp-json\/wp\/v2\/types\/page"}],"author":[{"embeddable":true,"href":"https:\/\/picota.pt\/index.php\/wp-json\/wp\/v2\/users\/1"}],"replies":[{"embeddable":true,"href":"https:\/\/picota.pt\/index.php\/wp-json\/wp\/v2\/comments?post=954"}],"version-history":[{"count":25,"href":"https:\/\/picota.pt\/index.php\/wp-json\/wp\/v2\/pages\/954\/revisions"}],"predecessor-version":[{"id":4143,"href":"https:\/\/picota.pt\/index.php\/wp-json\/wp\/v2\/pages\/954\/revisions\/4143"}],"wp:attachment":[{"href":"https:\/\/picota.pt\/index.php\/wp-json\/wp\/v2\/media?parent=954"}],"curies":[{"name":"wp","href":"https:\/\/api.w.org\/{rel}","templated":true}]}}