{"id":901,"date":"2023-12-19T16:17:38","date_gmt":"2023-12-19T16:17:38","guid":{"rendered":"https:\/\/picota.pt\/?page_id=901"},"modified":"2025-07-22T14:12:07","modified_gmt":"2025-07-22T14:12:07","slug":"colecaoagueda","status":"publish","type":"page","link":"https:\/\/picota.pt\/index.php\/colecaoagueda\/","title":{"rendered":"COLE\u00c7\u00c3O \u00c1GUEDA (CB)"},"content":{"rendered":"\t\t<div data-elementor-type=\"wp-page\" data-elementor-id=\"901\" class=\"elementor elementor-901\" data-elementor-post-type=\"page\">\n\t\t\t\t\t\t<section class=\"elementor-section elementor-top-section elementor-element elementor-element-5bf1e15d elementor-section-content-middle elementor-section-boxed elementor-section-height-default elementor-section-height-default\" data-id=\"5bf1e15d\" data-element_type=\"section\" data-settings=\"{&quot;background_background&quot;:&quot;classic&quot;}\">\n\t\t\t\t\t\t\t<div class=\"elementor-background-overlay\"><\/div>\n\t\t\t\t\t\t\t<div class=\"elementor-container elementor-column-gap-default\">\n\t\t\t\t\t<div class=\"elementor-column elementor-col-100 elementor-top-column elementor-element elementor-element-2fa6352c\" data-id=\"2fa6352c\" data-element_type=\"column\">\n\t\t\t<div class=\"elementor-widget-wrap elementor-element-populated\">\n\t\t\t\t\t\t<div class=\"elementor-element elementor-element-f0cf505 de_scroll_animation_no elementor-widget elementor-widget-heading\" data-id=\"f0cf505\" data-element_type=\"widget\" data-widget_type=\"heading.default\">\n\t\t\t\t<div class=\"elementor-widget-container\">\n\t\t\t<style>\/*! elementor - v3.19.0 - 05-02-2024 *\/\n.elementor-heading-title{padding:0;margin:0;line-height:1}.elementor-widget-heading .elementor-heading-title[class*=elementor-size-]>a{color:inherit;font-size:inherit;line-height:inherit}.elementor-widget-heading .elementor-heading-title.elementor-size-small{font-size:15px}.elementor-widget-heading .elementor-heading-title.elementor-size-medium{font-size:19px}.elementor-widget-heading .elementor-heading-title.elementor-size-large{font-size:29px}.elementor-widget-heading .elementor-heading-title.elementor-size-xl{font-size:39px}.elementor-widget-heading .elementor-heading-title.elementor-size-xxl{font-size:59px}<\/style><h2 class=\"elementor-heading-title elementor-size-default\">cole\u00e7\u00e3o \u00e1gueda<\/h2>\t\t<\/div>\n\t\t\t\t<\/div>\n\t\t\t\t\t<\/div>\n\t\t<\/div>\n\t\t\t\t\t<\/div>\n\t\t<\/section>\n\t\t\t\t<section class=\"elementor-section elementor-top-section elementor-element elementor-element-d21c799 elementor-section-height-min-height elementor-section-content-middle elementor-section-boxed elementor-section-height-default elementor-section-items-middle\" data-id=\"d21c799\" data-element_type=\"section\" data-settings=\"{&quot;background_background&quot;:&quot;classic&quot;}\">\n\t\t\t\t\t\t<div class=\"elementor-container elementor-column-gap-default\">\n\t\t\t\t\t<div class=\"elementor-column elementor-col-33 elementor-top-column elementor-element elementor-element-8f7c2bd\" data-id=\"8f7c2bd\" data-element_type=\"column\">\n\t\t\t<div class=\"elementor-widget-wrap elementor-element-populated\">\n\t\t\t\t\t\t<div class=\"elementor-element elementor-element-2a6d60e animated-slow de_scroll_animation_no elementor-invisible elementor-widget elementor-widget-image\" data-id=\"2a6d60e\" data-element_type=\"widget\" data-settings=\"{&quot;_animation&quot;:&quot;fadeIn&quot;}\" data-widget_type=\"image.default\">\n\t\t\t\t<div class=\"elementor-widget-container\">\n\t\t\t<style>\/*! elementor - v3.19.0 - 05-02-2024 *\/\n.elementor-widget-image{text-align:center}.elementor-widget-image a{display:inline-block}.elementor-widget-image a img[src$=\".svg\"]{width:48px}.elementor-widget-image img{vertical-align:middle;display:inline-block}<\/style>\t\t\t\t\t\t\t\t\t\t\t<a href=\"https:\/\/picota.pt\/index.php\/monocomando-lavatorio-agueda\/\">\n\t\t\t\t\t\t\t<img fetchpriority=\"high\" decoding=\"async\" width=\"1080\" height=\"1080\" src=\"https:\/\/picota.pt\/wp-content\/uploads\/2025\/07\/aGUEDA-laVATORIO-1.jpg\" class=\"attachment-full size-full wp-image-3993\" alt=\"\" srcset=\"https:\/\/picota.pt\/wp-content\/uploads\/2025\/07\/aGUEDA-laVATORIO-1.jpg 1080w, https:\/\/picota.pt\/wp-content\/uploads\/2025\/07\/aGUEDA-laVATORIO-1-300x300.jpg 300w, https:\/\/picota.pt\/wp-content\/uploads\/2025\/07\/aGUEDA-laVATORIO-1-1024x1024.jpg 1024w, https:\/\/picota.pt\/wp-content\/uploads\/2025\/07\/aGUEDA-laVATORIO-1-150x150.jpg 150w, https:\/\/picota.pt\/wp-content\/uploads\/2025\/07\/aGUEDA-laVATORIO-1-768x768.jpg 768w\" sizes=\"(max-width: 1080px) 100vw, 1080px\" \/>\t\t\t\t\t\t\t\t<\/a>\n\t\t\t\t\t\t\t\t\t\t\t\t\t<\/div>\n\t\t\t\t<\/div>\n\t\t\t\t<div class=\"elementor-element elementor-element-b729b89 animated-slow de_scroll_animation_no elementor-invisible elementor-widget elementor-widget-heading\" data-id=\"b729b89\" data-element_type=\"widget\" data-settings=\"{&quot;_animation&quot;:&quot;fadeIn&quot;}\" data-widget_type=\"heading.default\">\n\t\t\t\t<div class=\"elementor-widget-container\">\n\t\t\t<h2 class=\"elementor-heading-title elementor-size-default\"><a href=\"https:\/\/picota.pt\/index.php\/monocomando-lavatorio-agueda\/\">monocomando\nlavat\u00f3rio \u00c1GUEDA<\/a><\/h2>\t\t<\/div>\n\t\t\t\t<\/div>\n\t\t\t\t<div class=\"elementor-element elementor-element-452ae29 de_scroll_animation_no elementor-invisible elementor-widget elementor-widget-text-editor\" data-id=\"452ae29\" data-element_type=\"widget\" data-settings=\"{&quot;_animation&quot;:&quot;fadeIn&quot;}\" data-widget_type=\"text-editor.default\">\n\t\t\t\t<div class=\"elementor-widget-container\">\n\t\t\t<style>\/*! elementor - v3.19.0 - 05-02-2024 *\/\n.elementor-widget-text-editor.elementor-drop-cap-view-stacked .elementor-drop-cap{background-color:#69727d;color:#fff}.elementor-widget-text-editor.elementor-drop-cap-view-framed .elementor-drop-cap{color:#69727d;border:3px solid;background-color:transparent}.elementor-widget-text-editor:not(.elementor-drop-cap-view-default) .elementor-drop-cap{margin-top:8px}.elementor-widget-text-editor:not(.elementor-drop-cap-view-default) .elementor-drop-cap-letter{width:1em;height:1em}.elementor-widget-text-editor .elementor-drop-cap{float:left;text-align:center;line-height:1;font-size:50px}.elementor-widget-text-editor .elementor-drop-cap-letter{display:inline-block}<\/style>\t\t\t\t<p>REF: PC09.01<\/p>\t\t\t\t\t\t<\/div>\n\t\t\t\t<\/div>\n\t\t\t\t\t<\/div>\n\t\t<\/div>\n\t\t\t\t<div class=\"elementor-column elementor-col-33 elementor-top-column elementor-element elementor-element-4b9f1f7\" data-id=\"4b9f1f7\" data-element_type=\"column\">\n\t\t\t<div class=\"elementor-widget-wrap elementor-element-populated\">\n\t\t\t\t\t\t<div class=\"elementor-element elementor-element-b0f08b7 animated-slow de_scroll_animation_no elementor-invisible elementor-widget elementor-widget-image\" data-id=\"b0f08b7\" data-element_type=\"widget\" data-settings=\"{&quot;_animation&quot;:&quot;fadeIn&quot;}\" data-widget_type=\"image.default\">\n\t\t\t\t<div class=\"elementor-widget-container\">\n\t\t\t\t\t\t\t\t\t\t\t\t\t\t<a href=\"https:\/\/picota.pt\/index.php\/duplicated-monocomando-bide-agueda\/\">\n\t\t\t\t\t\t\t<img decoding=\"async\" width=\"1080\" height=\"1080\" src=\"https:\/\/picota.pt\/wp-content\/uploads\/2025\/07\/Bide-Agueda.jpg\" class=\"attachment-full size-full wp-image-4004\" alt=\"\" srcset=\"https:\/\/picota.pt\/wp-content\/uploads\/2025\/07\/Bide-Agueda.jpg 1080w, https:\/\/picota.pt\/wp-content\/uploads\/2025\/07\/Bide-Agueda-300x300.jpg 300w, https:\/\/picota.pt\/wp-content\/uploads\/2025\/07\/Bide-Agueda-1024x1024.jpg 1024w, https:\/\/picota.pt\/wp-content\/uploads\/2025\/07\/Bide-Agueda-150x150.jpg 150w, https:\/\/picota.pt\/wp-content\/uploads\/2025\/07\/Bide-Agueda-768x768.jpg 768w\" sizes=\"(max-width: 1080px) 100vw, 1080px\" \/>\t\t\t\t\t\t\t\t<\/a>\n\t\t\t\t\t\t\t\t\t\t\t\t\t<\/div>\n\t\t\t\t<\/div>\n\t\t\t\t<div class=\"elementor-element elementor-element-d754105 animated-slow de_scroll_animation_no elementor-invisible elementor-widget elementor-widget-heading\" data-id=\"d754105\" data-element_type=\"widget\" data-settings=\"{&quot;_animation&quot;:&quot;fadeIn&quot;}\" data-widget_type=\"heading.default\">\n\t\t\t\t<div class=\"elementor-widget-container\">\n\t\t\t<h2 class=\"elementor-heading-title elementor-size-default\"><a href=\"https:\/\/picota.pt\/index.php\/duplicated-monocomando-bide-agueda\/\">monocomando <br>bID\u00c9 \u00c1GUEDA<\/a><\/h2>\t\t<\/div>\n\t\t\t\t<\/div>\n\t\t\t\t<div class=\"elementor-element elementor-element-679f520 de_scroll_animation_no elementor-invisible elementor-widget elementor-widget-text-editor\" data-id=\"679f520\" data-element_type=\"widget\" data-settings=\"{&quot;_animation&quot;:&quot;fadeIn&quot;}\" data-widget_type=\"text-editor.default\">\n\t\t\t\t<div class=\"elementor-widget-container\">\n\t\t\t\t\t\t\t<p>REF: PC09.02<\/p>\t\t\t\t\t\t<\/div>\n\t\t\t\t<\/div>\n\t\t\t\t\t<\/div>\n\t\t<\/div>\n\t\t\t\t<div class=\"elementor-column elementor-col-33 elementor-top-column elementor-element elementor-element-88223a7\" data-id=\"88223a7\" data-element_type=\"column\">\n\t\t\t<div class=\"elementor-widget-wrap elementor-element-populated\">\n\t\t\t\t\t\t<div class=\"elementor-element elementor-element-6137611 animated-slow de_scroll_animation_no elementor-invisible elementor-widget elementor-widget-image\" data-id=\"6137611\" data-element_type=\"widget\" data-settings=\"{&quot;_animation&quot;:&quot;fadeIn&quot;}\" data-widget_type=\"image.default\">\n\t\t\t\t<div class=\"elementor-widget-container\">\n\t\t\t\t\t\t\t\t\t\t\t\t\t\t<a href=\"https:\/\/picota.pt\/index.php\/monocomando-lavatorio-alto-agueda\/\">\n\t\t\t\t\t\t\t<img decoding=\"async\" width=\"1080\" height=\"1080\" src=\"https:\/\/picota.pt\/wp-content\/uploads\/2025\/07\/Alto-Agueda.jpg\" class=\"attachment-full size-full wp-image-4012\" alt=\"\" srcset=\"https:\/\/picota.pt\/wp-content\/uploads\/2025\/07\/Alto-Agueda.jpg 1080w, https:\/\/picota.pt\/wp-content\/uploads\/2025\/07\/Alto-Agueda-300x300.jpg 300w, https:\/\/picota.pt\/wp-content\/uploads\/2025\/07\/Alto-Agueda-1024x1024.jpg 1024w, https:\/\/picota.pt\/wp-content\/uploads\/2025\/07\/Alto-Agueda-150x150.jpg 150w, https:\/\/picota.pt\/wp-content\/uploads\/2025\/07\/Alto-Agueda-768x768.jpg 768w\" sizes=\"(max-width: 1080px) 100vw, 1080px\" \/>\t\t\t\t\t\t\t\t<\/a>\n\t\t\t\t\t\t\t\t\t\t\t\t\t<\/div>\n\t\t\t\t<\/div>\n\t\t\t\t<div class=\"elementor-element elementor-element-a69e229 animated-slow de_scroll_animation_no elementor-invisible elementor-widget elementor-widget-heading\" data-id=\"a69e229\" data-element_type=\"widget\" data-settings=\"{&quot;_animation&quot;:&quot;fadeIn&quot;}\" data-widget_type=\"heading.default\">\n\t\t\t\t<div class=\"elementor-widget-container\">\n\t\t\t<h2 class=\"elementor-heading-title elementor-size-default\"><a href=\"https:\/\/picota.pt\/index.php\/monocomando-lavatorio-alto-agueda\/\">monocomando<br>LAVAT\u00d3RIO ALTO \u00c1GUEDA<\/a><\/h2>\t\t<\/div>\n\t\t\t\t<\/div>\n\t\t\t\t<div class=\"elementor-element elementor-element-cff6881 de_scroll_animation_no elementor-invisible elementor-widget elementor-widget-text-editor\" data-id=\"cff6881\" data-element_type=\"widget\" data-settings=\"{&quot;_animation&quot;:&quot;fadeIn&quot;}\" data-widget_type=\"text-editor.default\">\n\t\t\t\t<div class=\"elementor-widget-container\">\n\t\t\t\t\t\t\t<p>REF: PC09.03<\/p>\t\t\t\t\t\t<\/div>\n\t\t\t\t<\/div>\n\t\t\t\t\t<\/div>\n\t\t<\/div>\n\t\t\t\t\t<\/div>\n\t\t<\/section>\n\t\t\t\t<section class=\"elementor-section elementor-top-section elementor-element elementor-element-e02badf elementor-section-height-min-height elementor-section-content-middle elementor-section-boxed elementor-section-height-default elementor-section-items-middle\" data-id=\"e02badf\" data-element_type=\"section\" data-settings=\"{&quot;background_background&quot;:&quot;classic&quot;}\">\n\t\t\t\t\t\t<div class=\"elementor-container elementor-column-gap-default\">\n\t\t\t\t\t<div class=\"elementor-column elementor-col-33 elementor-top-column elementor-element elementor-element-80306f8\" data-id=\"80306f8\" data-element_type=\"column\">\n\t\t\t<div class=\"elementor-widget-wrap elementor-element-populated\">\n\t\t\t\t\t\t<div class=\"elementor-element elementor-element-c11fe74 animated-slow de_scroll_animation_no elementor-invisible elementor-widget elementor-widget-image\" data-id=\"c11fe74\" data-element_type=\"widget\" data-settings=\"{&quot;_animation&quot;:&quot;fadeIn&quot;}\" data-widget_type=\"image.default\">\n\t\t\t\t<div class=\"elementor-widget-container\">\n\t\t\t\t\t\t\t\t\t\t\t\t\t\t<a href=\"https:\/\/picota.pt\/index.php\/monocomandoduche-agueda\/\">\n\t\t\t\t\t\t\t<img loading=\"lazy\" decoding=\"async\" width=\"1080\" height=\"1080\" src=\"https:\/\/picota.pt\/wp-content\/uploads\/2025\/07\/Duche-Agueda.jpg\" class=\"attachment-full size-full wp-image-4019\" alt=\"\" srcset=\"https:\/\/picota.pt\/wp-content\/uploads\/2025\/07\/Duche-Agueda.jpg 1080w, https:\/\/picota.pt\/wp-content\/uploads\/2025\/07\/Duche-Agueda-300x300.jpg 300w, https:\/\/picota.pt\/wp-content\/uploads\/2025\/07\/Duche-Agueda-1024x1024.jpg 1024w, https:\/\/picota.pt\/wp-content\/uploads\/2025\/07\/Duche-Agueda-150x150.jpg 150w, https:\/\/picota.pt\/wp-content\/uploads\/2025\/07\/Duche-Agueda-768x768.jpg 768w\" sizes=\"(max-width: 1080px) 100vw, 1080px\" \/>\t\t\t\t\t\t\t\t<\/a>\n\t\t\t\t\t\t\t\t\t\t\t\t\t<\/div>\n\t\t\t\t<\/div>\n\t\t\t\t<div class=\"elementor-element elementor-element-c0cb090 animated-slow de_scroll_animation_no elementor-invisible elementor-widget elementor-widget-heading\" data-id=\"c0cb090\" data-element_type=\"widget\" data-settings=\"{&quot;_animation&quot;:&quot;fadeIn&quot;}\" data-widget_type=\"heading.default\">\n\t\t\t\t<div class=\"elementor-widget-container\">\n\t\t\t<h2 class=\"elementor-heading-title elementor-size-default\"><a href=\"https:\/\/picota.pt\/index.php\/monocomandoduche-agueda\/\">monocomando\nDuche encastrar \u00c1GUEDA<\/a><\/h2>\t\t<\/div>\n\t\t\t\t<\/div>\n\t\t\t\t<div class=\"elementor-element elementor-element-93385d2 de_scroll_animation_no elementor-invisible elementor-widget elementor-widget-text-editor\" data-id=\"93385d2\" data-element_type=\"widget\" data-settings=\"{&quot;_animation&quot;:&quot;fadeIn&quot;}\" data-widget_type=\"text-editor.default\">\n\t\t\t\t<div class=\"elementor-widget-container\">\n\t\t\t\t\t\t\t<p>REF: PC09.0601<\/p>\t\t\t\t\t\t<\/div>\n\t\t\t\t<\/div>\n\t\t\t\t\t<\/div>\n\t\t<\/div>\n\t\t\t\t<div class=\"elementor-column elementor-col-33 elementor-top-column elementor-element elementor-element-78895a5\" data-id=\"78895a5\" data-element_type=\"column\">\n\t\t\t<div class=\"elementor-widget-wrap elementor-element-populated\">\n\t\t\t\t\t\t<div class=\"elementor-element elementor-element-ab25208 animated-slow de_scroll_animation_no elementor-invisible elementor-widget elementor-widget-image\" data-id=\"ab25208\" data-element_type=\"widget\" data-settings=\"{&quot;_animation&quot;:&quot;fadeIn&quot;}\" data-widget_type=\"image.default\">\n\t\t\t\t<div class=\"elementor-widget-container\">\n\t\t\t\t\t\t\t\t\t\t\t\t\t\t<a href=\"https:\/\/picota.pt\/index.php\/monocomando-banheira-agueda\/\">\n\t\t\t\t\t\t\t<img loading=\"lazy\" decoding=\"async\" width=\"1080\" height=\"1080\" src=\"https:\/\/picota.pt\/wp-content\/uploads\/2025\/07\/Banheira-Agueda.jpg\" class=\"attachment-full size-full wp-image-4025\" alt=\"\" srcset=\"https:\/\/picota.pt\/wp-content\/uploads\/2025\/07\/Banheira-Agueda.jpg 1080w, https:\/\/picota.pt\/wp-content\/uploads\/2025\/07\/Banheira-Agueda-300x300.jpg 300w, https:\/\/picota.pt\/wp-content\/uploads\/2025\/07\/Banheira-Agueda-1024x1024.jpg 1024w, https:\/\/picota.pt\/wp-content\/uploads\/2025\/07\/Banheira-Agueda-150x150.jpg 150w, https:\/\/picota.pt\/wp-content\/uploads\/2025\/07\/Banheira-Agueda-768x768.jpg 768w\" sizes=\"(max-width: 1080px) 100vw, 1080px\" \/>\t\t\t\t\t\t\t\t<\/a>\n\t\t\t\t\t\t\t\t\t\t\t\t\t<\/div>\n\t\t\t\t<\/div>\n\t\t\t\t<div class=\"elementor-element elementor-element-e133486 animated-slow de_scroll_animation_no elementor-invisible elementor-widget elementor-widget-heading\" data-id=\"e133486\" data-element_type=\"widget\" data-settings=\"{&quot;_animation&quot;:&quot;fadeIn&quot;}\" data-widget_type=\"heading.default\">\n\t\t\t\t<div class=\"elementor-widget-container\">\n\t\t\t<h2 class=\"elementor-heading-title elementor-size-default\"><a href=\"https:\/\/picota.pt\/index.php\/monocomando-banheira-agueda\/\">monocomando <br>Banheira encastrar espelhos individuais \u00c1GUEDA<\/a><\/h2>\t\t<\/div>\n\t\t\t\t<\/div>\n\t\t\t\t<div class=\"elementor-element elementor-element-7520d87 de_scroll_animation_no elementor-invisible elementor-widget elementor-widget-text-editor\" data-id=\"7520d87\" data-element_type=\"widget\" data-settings=\"{&quot;_animation&quot;:&quot;fadeIn&quot;}\" data-widget_type=\"text-editor.default\">\n\t\t\t\t<div class=\"elementor-widget-container\">\n\t\t\t\t\t\t\t<p>REF: PC09.0701<\/p>\t\t\t\t\t\t<\/div>\n\t\t\t\t<\/div>\n\t\t\t\t\t<\/div>\n\t\t<\/div>\n\t\t\t\t<div class=\"elementor-column elementor-col-33 elementor-top-column elementor-element elementor-element-99420c1\" data-id=\"99420c1\" data-element_type=\"column\">\n\t\t\t<div class=\"elementor-widget-wrap\">\n\t\t\t\t\t\t\t<\/div>\n\t\t<\/div>\n\t\t\t\t\t<\/div>\n\t\t<\/section>\n\t\t\t\t<\/div>\n\t\t","protected":false},"excerpt":{"rendered":"<p>cole\u00e7\u00e3o \u00e1gueda monocomando lavat\u00f3rio \u00c1GUEDA REF: PC09.01 monocomando bID\u00c9 \u00c1GUEDA REF: PC09.02 monocomandoLAVAT\u00d3RIO ALTO \u00c1GUEDA REF: PC09.03 monocomando Duche encastrar \u00c1GUEDA REF: PC09.0601 monocomando Banheira encastrar espelhos individuais \u00c1GUEDA REF: PC09.0701<\/p>\n","protected":false},"author":1,"featured_media":0,"parent":0,"menu_order":0,"comment_status":"closed","ping_status":"closed","template":"elementor_header_footer","meta":{"footnotes":""},"yoast_head":"<!-- This site is optimized with the Yoast SEO plugin v22.3 - https:\/\/yoast.com\/wordpress\/plugins\/seo\/ -->\n<title>COLE\u00c7\u00c3O \u00c1GUEDA (CB) - Torneiras Picota<\/title>\n<meta name=\"robots\" content=\"index, follow, max-snippet:-1, max-image-preview:large, max-video-preview:-1\" \/>\n<link rel=\"canonical\" href=\"https:\/\/picota.pt\/index.php\/colecaoagueda\/\" \/>\n<meta property=\"og:locale\" content=\"en_US\" \/>\n<meta property=\"og:type\" content=\"article\" \/>\n<meta property=\"og:title\" content=\"COLE\u00c7\u00c3O \u00c1GUEDA (CB) - Torneiras Picota\" \/>\n<meta property=\"og:description\" content=\"cole\u00e7\u00e3o \u00e1gueda monocomando lavat\u00f3rio \u00c1GUEDA REF: PC09.01 monocomando bID\u00c9 \u00c1GUEDA REF: PC09.02 monocomandoLAVAT\u00d3RIO ALTO \u00c1GUEDA REF: PC09.03 monocomando Duche encastrar \u00c1GUEDA REF: PC09.0601 monocomando Banheira encastrar espelhos individuais \u00c1GUEDA REF: PC09.0701\" \/>\n<meta property=\"og:url\" content=\"https:\/\/picota.pt\/index.php\/colecaoagueda\/\" \/>\n<meta property=\"og:site_name\" content=\"Torneiras Picota\" \/>\n<meta property=\"article:publisher\" content=\"https:\/\/www.facebook.com\/people\/Torneiras-Picota\/61556779479458\/\" \/>\n<meta property=\"article:modified_time\" content=\"2025-07-22T14:12:07+00:00\" \/>\n<meta property=\"og:image\" content=\"https:\/\/picota.pt\/wp-content\/uploads\/2025\/07\/aGUEDA-laVATORIO-1.jpg\" \/>\n<meta name=\"twitter:card\" content=\"summary_large_image\" \/>\n<meta name=\"twitter:label1\" content=\"Est. reading time\" \/>\n\t<meta name=\"twitter:data1\" content=\"2 minutes\" \/>\n<script type=\"application\/ld+json\" class=\"yoast-schema-graph\">{\"@context\":\"https:\/\/schema.org\",\"@graph\":[{\"@type\":\"WebPage\",\"@id\":\"https:\/\/picota.pt\/index.php\/colecaoagueda\/\",\"url\":\"https:\/\/picota.pt\/index.php\/colecaoagueda\/\",\"name\":\"COLE\u00c7\u00c3O \u00c1GUEDA (CB) - Torneiras Picota\",\"isPartOf\":{\"@id\":\"https:\/\/picota.pt\/#website\"},\"primaryImageOfPage\":{\"@id\":\"https:\/\/picota.pt\/index.php\/colecaoagueda\/#primaryimage\"},\"image\":{\"@id\":\"https:\/\/picota.pt\/index.php\/colecaoagueda\/#primaryimage\"},\"thumbnailUrl\":\"https:\/\/picota.pt\/wp-content\/uploads\/2025\/07\/aGUEDA-laVATORIO-1.jpg\",\"datePublished\":\"2023-12-19T16:17:38+00:00\",\"dateModified\":\"2025-07-22T14:12:07+00:00\",\"breadcrumb\":{\"@id\":\"https:\/\/picota.pt\/index.php\/colecaoagueda\/#breadcrumb\"},\"inLanguage\":\"en-US\",\"potentialAction\":[{\"@type\":\"ReadAction\",\"target\":[\"https:\/\/picota.pt\/index.php\/colecaoagueda\/\"]}]},{\"@type\":\"ImageObject\",\"inLanguage\":\"en-US\",\"@id\":\"https:\/\/picota.pt\/index.php\/colecaoagueda\/#primaryimage\",\"url\":\"https:\/\/picota.pt\/wp-content\/uploads\/2025\/07\/aGUEDA-laVATORIO-1.jpg\",\"contentUrl\":\"https:\/\/picota.pt\/wp-content\/uploads\/2025\/07\/aGUEDA-laVATORIO-1.jpg\",\"width\":1080,\"height\":1080},{\"@type\":\"BreadcrumbList\",\"@id\":\"https:\/\/picota.pt\/index.php\/colecaoagueda\/#breadcrumb\",\"itemListElement\":[{\"@type\":\"ListItem\",\"position\":1,\"name\":\"Home\",\"item\":\"https:\/\/picota.pt\/\"},{\"@type\":\"ListItem\",\"position\":2,\"name\":\"COLE\u00c7\u00c3O \u00c1GUEDA (CB)\"}]},{\"@type\":\"WebSite\",\"@id\":\"https:\/\/picota.pt\/#website\",\"url\":\"https:\/\/picota.pt\/\",\"name\":\"Torneiras Picota\",\"description\":\"Inova\u00e7\u00e3o que flui, eleg\u00e2ncia que perdura\",\"publisher\":{\"@id\":\"https:\/\/picota.pt\/#organization\"},\"alternateName\":\"Torneiras Picota\",\"potentialAction\":[{\"@type\":\"SearchAction\",\"target\":{\"@type\":\"EntryPoint\",\"urlTemplate\":\"https:\/\/picota.pt\/?s={search_term_string}\"},\"query-input\":\"required name=search_term_string\"}],\"inLanguage\":\"en-US\"},{\"@type\":\"Organization\",\"@id\":\"https:\/\/picota.pt\/#organization\",\"name\":\"Torneiras Picota\",\"alternateName\":\"Picota\",\"url\":\"https:\/\/picota.pt\/\",\"logo\":{\"@type\":\"ImageObject\",\"inLanguage\":\"en-US\",\"@id\":\"https:\/\/picota.pt\/#\/schema\/logo\/image\/\",\"url\":\"https:\/\/picota.pt\/wp-content\/uploads\/2024\/03\/PICOTA-yaostseo.png\",\"contentUrl\":\"https:\/\/picota.pt\/wp-content\/uploads\/2024\/03\/PICOTA-yaostseo.png\",\"width\":696,\"height\":696,\"caption\":\"Torneiras Picota\"},\"image\":{\"@id\":\"https:\/\/picota.pt\/#\/schema\/logo\/image\/\"},\"sameAs\":[\"https:\/\/www.facebook.com\/people\/Torneiras-Picota\/61556779479458\/\",\"https:\/\/www.instagram.com\/torneiraspicota\/\",\"https:\/\/www.linkedin.com\/company\/torneiraspicota\"]}]}<\/script>\n<!-- \/ Yoast SEO plugin. -->","yoast_head_json":{"title":"COLE\u00c7\u00c3O \u00c1GUEDA (CB) - Torneiras Picota","robots":{"index":"index","follow":"follow","max-snippet":"max-snippet:-1","max-image-preview":"max-image-preview:large","max-video-preview":"max-video-preview:-1"},"canonical":"https:\/\/picota.pt\/index.php\/colecaoagueda\/","og_locale":"en_US","og_type":"article","og_title":"COLE\u00c7\u00c3O \u00c1GUEDA (CB) - Torneiras Picota","og_description":"cole\u00e7\u00e3o \u00e1gueda monocomando lavat\u00f3rio \u00c1GUEDA REF: PC09.01 monocomando bID\u00c9 \u00c1GUEDA REF: PC09.02 monocomandoLAVAT\u00d3RIO ALTO \u00c1GUEDA REF: PC09.03 monocomando Duche encastrar \u00c1GUEDA REF: PC09.0601 monocomando Banheira encastrar espelhos individuais \u00c1GUEDA REF: PC09.0701","og_url":"https:\/\/picota.pt\/index.php\/colecaoagueda\/","og_site_name":"Torneiras Picota","article_publisher":"https:\/\/www.facebook.com\/people\/Torneiras-Picota\/61556779479458\/","article_modified_time":"2025-07-22T14:12:07+00:00","og_image":[{"url":"https:\/\/picota.pt\/wp-content\/uploads\/2025\/07\/aGUEDA-laVATORIO-1.jpg"}],"twitter_card":"summary_large_image","twitter_misc":{"Est. reading time":"2 minutes"},"schema":{"@context":"https:\/\/schema.org","@graph":[{"@type":"WebPage","@id":"https:\/\/picota.pt\/index.php\/colecaoagueda\/","url":"https:\/\/picota.pt\/index.php\/colecaoagueda\/","name":"COLE\u00c7\u00c3O \u00c1GUEDA (CB) - Torneiras Picota","isPartOf":{"@id":"https:\/\/picota.pt\/#website"},"primaryImageOfPage":{"@id":"https:\/\/picota.pt\/index.php\/colecaoagueda\/#primaryimage"},"image":{"@id":"https:\/\/picota.pt\/index.php\/colecaoagueda\/#primaryimage"},"thumbnailUrl":"https:\/\/picota.pt\/wp-content\/uploads\/2025\/07\/aGUEDA-laVATORIO-1.jpg","datePublished":"2023-12-19T16:17:38+00:00","dateModified":"2025-07-22T14:12:07+00:00","breadcrumb":{"@id":"https:\/\/picota.pt\/index.php\/colecaoagueda\/#breadcrumb"},"inLanguage":"en-US","potentialAction":[{"@type":"ReadAction","target":["https:\/\/picota.pt\/index.php\/colecaoagueda\/"]}]},{"@type":"ImageObject","inLanguage":"en-US","@id":"https:\/\/picota.pt\/index.php\/colecaoagueda\/#primaryimage","url":"https:\/\/picota.pt\/wp-content\/uploads\/2025\/07\/aGUEDA-laVATORIO-1.jpg","contentUrl":"https:\/\/picota.pt\/wp-content\/uploads\/2025\/07\/aGUEDA-laVATORIO-1.jpg","width":1080,"height":1080},{"@type":"BreadcrumbList","@id":"https:\/\/picota.pt\/index.php\/colecaoagueda\/#breadcrumb","itemListElement":[{"@type":"ListItem","position":1,"name":"Home","item":"https:\/\/picota.pt\/"},{"@type":"ListItem","position":2,"name":"COLE\u00c7\u00c3O \u00c1GUEDA (CB)"}]},{"@type":"WebSite","@id":"https:\/\/picota.pt\/#website","url":"https:\/\/picota.pt\/","name":"Torneiras Picota","description":"Inova\u00e7\u00e3o que flui, eleg\u00e2ncia que perdura","publisher":{"@id":"https:\/\/picota.pt\/#organization"},"alternateName":"Torneiras Picota","potentialAction":[{"@type":"SearchAction","target":{"@type":"EntryPoint","urlTemplate":"https:\/\/picota.pt\/?s={search_term_string}"},"query-input":"required name=search_term_string"}],"inLanguage":"en-US"},{"@type":"Organization","@id":"https:\/\/picota.pt\/#organization","name":"Torneiras Picota","alternateName":"Picota","url":"https:\/\/picota.pt\/","logo":{"@type":"ImageObject","inLanguage":"en-US","@id":"https:\/\/picota.pt\/#\/schema\/logo\/image\/","url":"https:\/\/picota.pt\/wp-content\/uploads\/2024\/03\/PICOTA-yaostseo.png","contentUrl":"https:\/\/picota.pt\/wp-content\/uploads\/2024\/03\/PICOTA-yaostseo.png","width":696,"height":696,"caption":"Torneiras Picota"},"image":{"@id":"https:\/\/picota.pt\/#\/schema\/logo\/image\/"},"sameAs":["https:\/\/www.facebook.com\/people\/Torneiras-Picota\/61556779479458\/","https:\/\/www.instagram.com\/torneiraspicota\/","https:\/\/www.linkedin.com\/company\/torneiraspicota"]}]}},"_links":{"self":[{"href":"https:\/\/picota.pt\/index.php\/wp-json\/wp\/v2\/pages\/901"}],"collection":[{"href":"https:\/\/picota.pt\/index.php\/wp-json\/wp\/v2\/pages"}],"about":[{"href":"https:\/\/picota.pt\/index.php\/wp-json\/wp\/v2\/types\/page"}],"author":[{"embeddable":true,"href":"https:\/\/picota.pt\/index.php\/wp-json\/wp\/v2\/users\/1"}],"replies":[{"embeddable":true,"href":"https:\/\/picota.pt\/index.php\/wp-json\/wp\/v2\/comments?post=901"}],"version-history":[{"count":27,"href":"https:\/\/picota.pt\/index.php\/wp-json\/wp\/v2\/pages\/901\/revisions"}],"predecessor-version":[{"id":4253,"href":"https:\/\/picota.pt\/index.php\/wp-json\/wp\/v2\/pages\/901\/revisions\/4253"}],"wp:attachment":[{"href":"https:\/\/picota.pt\/index.php\/wp-json\/wp\/v2\/media?parent=901"}],"curies":[{"name":"wp","href":"https:\/\/api.w.org\/{rel}","templated":true}]}}