{"id":3129,"date":"2024-05-31T10:02:04","date_gmt":"2024-05-31T10:02:04","guid":{"rendered":"https:\/\/picota.pt\/?page_id=3129"},"modified":"2025-07-22T12:07:32","modified_gmt":"2025-07-22T12:07:32","slug":"alva","status":"publish","type":"page","link":"https:\/\/picota.pt\/index.php\/alva\/","title":{"rendered":"Cole\u00e7\u00e3o Alva"},"content":{"rendered":"\t\t<div data-elementor-type=\"wp-page\" data-elementor-id=\"3129\" class=\"elementor elementor-3129\" data-elementor-post-type=\"page\">\n\t\t\t\t\t\t<section class=\"elementor-section elementor-top-section elementor-element elementor-element-5bf1e15d elementor-section-content-middle elementor-section-boxed elementor-section-height-default elementor-section-height-default\" data-id=\"5bf1e15d\" data-element_type=\"section\" data-settings=\"{&quot;background_background&quot;:&quot;classic&quot;}\">\n\t\t\t\t\t\t\t<div class=\"elementor-background-overlay\"><\/div>\n\t\t\t\t\t\t\t<div class=\"elementor-container elementor-column-gap-default\">\n\t\t\t\t\t<div class=\"elementor-column elementor-col-100 elementor-top-column elementor-element elementor-element-2fa6352c\" data-id=\"2fa6352c\" data-element_type=\"column\">\n\t\t\t<div class=\"elementor-widget-wrap elementor-element-populated\">\n\t\t\t\t\t\t<div class=\"elementor-element elementor-element-f0cf505 de_scroll_animation_no elementor-widget elementor-widget-heading\" data-id=\"f0cf505\" data-element_type=\"widget\" data-widget_type=\"heading.default\">\n\t\t\t\t<div class=\"elementor-widget-container\">\n\t\t\t<style>\/*! elementor - v3.19.0 - 05-02-2024 *\/\n.elementor-heading-title{padding:0;margin:0;line-height:1}.elementor-widget-heading .elementor-heading-title[class*=elementor-size-]>a{color:inherit;font-size:inherit;line-height:inherit}.elementor-widget-heading .elementor-heading-title.elementor-size-small{font-size:15px}.elementor-widget-heading .elementor-heading-title.elementor-size-medium{font-size:19px}.elementor-widget-heading .elementor-heading-title.elementor-size-large{font-size:29px}.elementor-widget-heading .elementor-heading-title.elementor-size-xl{font-size:39px}.elementor-widget-heading .elementor-heading-title.elementor-size-xxl{font-size:59px}<\/style><h2 class=\"elementor-heading-title elementor-size-default\">cole\u00e7\u00e3o aLVA<\/h2>\t\t<\/div>\n\t\t\t\t<\/div>\n\t\t\t\t\t<\/div>\n\t\t<\/div>\n\t\t\t\t\t<\/div>\n\t\t<\/section>\n\t\t\t\t<section class=\"elementor-section elementor-top-section elementor-element elementor-element-131e78a elementor-section-height-min-height elementor-section-content-middle elementor-section-boxed elementor-section-height-default elementor-section-items-middle\" data-id=\"131e78a\" data-element_type=\"section\" data-settings=\"{&quot;background_background&quot;:&quot;classic&quot;}\">\n\t\t\t\t\t\t<div class=\"elementor-container elementor-column-gap-default\">\n\t\t\t\t\t<div class=\"elementor-column elementor-col-33 elementor-top-column elementor-element elementor-element-cb30678\" data-id=\"cb30678\" data-element_type=\"column\">\n\t\t\t<div class=\"elementor-widget-wrap elementor-element-populated\">\n\t\t\t\t\t\t<div class=\"elementor-element elementor-element-fe27484 animated-slow de_scroll_animation_no elementor-invisible elementor-widget elementor-widget-image\" data-id=\"fe27484\" data-element_type=\"widget\" data-settings=\"{&quot;_animation&quot;:&quot;fadeIn&quot;}\" data-widget_type=\"image.default\">\n\t\t\t\t<div class=\"elementor-widget-container\">\n\t\t\t<style>\/*! elementor - v3.19.0 - 05-02-2024 *\/\n.elementor-widget-image{text-align:center}.elementor-widget-image a{display:inline-block}.elementor-widget-image a img[src$=\".svg\"]{width:48px}.elementor-widget-image img{vertical-align:middle;display:inline-block}<\/style>\t\t\t\t\t\t\t\t\t\t\t<a href=\"https:\/\/picota.pt\/index.php\/monocomando-lavatorio-alva\/\">\n\t\t\t\t\t\t\t<img fetchpriority=\"high\" decoding=\"async\" width=\"1080\" height=\"1080\" src=\"https:\/\/picota.pt\/wp-content\/uploads\/2024\/12\/Monocomando-Lavatorio-Alva.png\" class=\"attachment-full size-full wp-image-3345\" alt=\"\" srcset=\"https:\/\/picota.pt\/wp-content\/uploads\/2024\/12\/Monocomando-Lavatorio-Alva.png 1080w, https:\/\/picota.pt\/wp-content\/uploads\/2024\/12\/Monocomando-Lavatorio-Alva-300x300.png 300w, https:\/\/picota.pt\/wp-content\/uploads\/2024\/12\/Monocomando-Lavatorio-Alva-1024x1024.png 1024w, https:\/\/picota.pt\/wp-content\/uploads\/2024\/12\/Monocomando-Lavatorio-Alva-150x150.png 150w, https:\/\/picota.pt\/wp-content\/uploads\/2024\/12\/Monocomando-Lavatorio-Alva-768x768.png 768w\" sizes=\"(max-width: 1080px) 100vw, 1080px\" \/>\t\t\t\t\t\t\t\t<\/a>\n\t\t\t\t\t\t\t\t\t\t\t\t\t<\/div>\n\t\t\t\t<\/div>\n\t\t\t\t<div class=\"elementor-element elementor-element-b4e1300 animated-slow de_scroll_animation_no elementor-invisible elementor-widget elementor-widget-heading\" data-id=\"b4e1300\" data-element_type=\"widget\" data-settings=\"{&quot;_animation&quot;:&quot;fadeIn&quot;}\" data-widget_type=\"heading.default\">\n\t\t\t\t<div class=\"elementor-widget-container\">\n\t\t\t<h2 class=\"elementor-heading-title elementor-size-default\"><a href=\"https:\/\/picota.pt\/index.php\/monocomando-lavatorio-alva\/\">monocomando\nlavat\u00f3rio Alva<\/a><\/h2>\t\t<\/div>\n\t\t\t\t<\/div>\n\t\t\t\t<div class=\"elementor-element elementor-element-5591e05 de_scroll_animation_no elementor-invisible elementor-widget elementor-widget-text-editor\" data-id=\"5591e05\" data-element_type=\"widget\" data-settings=\"{&quot;_animation&quot;:&quot;fadeIn&quot;}\" data-widget_type=\"text-editor.default\">\n\t\t\t\t<div class=\"elementor-widget-container\">\n\t\t\t<style>\/*! elementor - v3.19.0 - 05-02-2024 *\/\n.elementor-widget-text-editor.elementor-drop-cap-view-stacked .elementor-drop-cap{background-color:#69727d;color:#fff}.elementor-widget-text-editor.elementor-drop-cap-view-framed .elementor-drop-cap{color:#69727d;border:3px solid;background-color:transparent}.elementor-widget-text-editor:not(.elementor-drop-cap-view-default) .elementor-drop-cap{margin-top:8px}.elementor-widget-text-editor:not(.elementor-drop-cap-view-default) .elementor-drop-cap-letter{width:1em;height:1em}.elementor-widget-text-editor .elementor-drop-cap{float:left;text-align:center;line-height:1;font-size:50px}.elementor-widget-text-editor .elementor-drop-cap-letter{display:inline-block}<\/style>\t\t\t\t<p>REF: PC14.01<\/p>\t\t\t\t\t\t<\/div>\n\t\t\t\t<\/div>\n\t\t\t\t\t<\/div>\n\t\t<\/div>\n\t\t\t\t<div class=\"elementor-column elementor-col-33 elementor-top-column elementor-element elementor-element-4b510b5\" data-id=\"4b510b5\" data-element_type=\"column\">\n\t\t\t<div class=\"elementor-widget-wrap elementor-element-populated\">\n\t\t\t\t\t\t<div class=\"elementor-element elementor-element-e88a65e animated-slow de_scroll_animation_no elementor-invisible elementor-widget elementor-widget-image\" data-id=\"e88a65e\" data-element_type=\"widget\" data-settings=\"{&quot;_animation&quot;:&quot;fadeIn&quot;}\" data-widget_type=\"image.default\">\n\t\t\t\t<div class=\"elementor-widget-container\">\n\t\t\t\t\t\t\t\t\t\t\t\t\t\t<a href=\"https:\/\/picota.pt\/index.php\/monocomando-duche-encastrar-alva\/\">\n\t\t\t\t\t\t\t<img decoding=\"async\" width=\"1080\" height=\"1080\" src=\"https:\/\/picota.pt\/wp-content\/uploads\/2024\/12\/Monocomando-Duche-Encastrar-Alva-.png\" class=\"attachment-full size-full wp-image-3357\" alt=\"\" srcset=\"https:\/\/picota.pt\/wp-content\/uploads\/2024\/12\/Monocomando-Duche-Encastrar-Alva-.png 1080w, https:\/\/picota.pt\/wp-content\/uploads\/2024\/12\/Monocomando-Duche-Encastrar-Alva--300x300.png 300w, https:\/\/picota.pt\/wp-content\/uploads\/2024\/12\/Monocomando-Duche-Encastrar-Alva--1024x1024.png 1024w, https:\/\/picota.pt\/wp-content\/uploads\/2024\/12\/Monocomando-Duche-Encastrar-Alva--150x150.png 150w, https:\/\/picota.pt\/wp-content\/uploads\/2024\/12\/Monocomando-Duche-Encastrar-Alva--768x768.png 768w\" sizes=\"(max-width: 1080px) 100vw, 1080px\" \/>\t\t\t\t\t\t\t\t<\/a>\n\t\t\t\t\t\t\t\t\t\t\t\t\t<\/div>\n\t\t\t\t<\/div>\n\t\t\t\t<div class=\"elementor-element elementor-element-b818c23 animated-slow de_scroll_animation_no elementor-invisible elementor-widget elementor-widget-heading\" data-id=\"b818c23\" data-element_type=\"widget\" data-settings=\"{&quot;_animation&quot;:&quot;fadeIn&quot;}\" data-widget_type=\"heading.default\">\n\t\t\t\t<div class=\"elementor-widget-container\">\n\t\t\t<h2 class=\"elementor-heading-title elementor-size-default\"><a href=\"https:\/\/picota.pt\/index.php\/monocomando-duche-encastrar-alva\/\">monocomando <br>Duche encastrar alva<\/a><\/h2>\t\t<\/div>\n\t\t\t\t<\/div>\n\t\t\t\t<div class=\"elementor-element elementor-element-4413842 de_scroll_animation_no elementor-invisible elementor-widget elementor-widget-text-editor\" data-id=\"4413842\" data-element_type=\"widget\" data-settings=\"{&quot;_animation&quot;:&quot;fadeIn&quot;}\" data-widget_type=\"text-editor.default\">\n\t\t\t\t<div class=\"elementor-widget-container\">\n\t\t\t\t\t\t\t<p>REF: PC14.0603<\/p>\t\t\t\t\t\t<\/div>\n\t\t\t\t<\/div>\n\t\t\t\t\t<\/div>\n\t\t<\/div>\n\t\t\t\t<div class=\"elementor-column elementor-col-33 elementor-top-column elementor-element elementor-element-9eea7cc\" data-id=\"9eea7cc\" data-element_type=\"column\">\n\t\t\t<div class=\"elementor-widget-wrap elementor-element-populated\">\n\t\t\t\t\t\t<div class=\"elementor-element elementor-element-9621f89 animated-slow de_scroll_animation_no elementor-invisible elementor-widget elementor-widget-image\" data-id=\"9621f89\" data-element_type=\"widget\" data-settings=\"{&quot;_animation&quot;:&quot;fadeIn&quot;}\" data-widget_type=\"image.default\">\n\t\t\t\t<div class=\"elementor-widget-container\">\n\t\t\t\t\t\t\t\t\t\t\t\t\t\t<a href=\"https:\/\/picota.pt\/index.php\/monocomando-banheira-encastrar-espelhos-individuais\/\">\n\t\t\t\t\t\t\t<img decoding=\"async\" width=\"1080\" height=\"1080\" src=\"https:\/\/picota.pt\/wp-content\/uploads\/2025\/07\/Alva-bANHEIRA.jpg\" class=\"attachment-full size-full wp-image-4061\" alt=\"\" srcset=\"https:\/\/picota.pt\/wp-content\/uploads\/2025\/07\/Alva-bANHEIRA.jpg 1080w, https:\/\/picota.pt\/wp-content\/uploads\/2025\/07\/Alva-bANHEIRA-300x300.jpg 300w, https:\/\/picota.pt\/wp-content\/uploads\/2025\/07\/Alva-bANHEIRA-1024x1024.jpg 1024w, https:\/\/picota.pt\/wp-content\/uploads\/2025\/07\/Alva-bANHEIRA-150x150.jpg 150w, https:\/\/picota.pt\/wp-content\/uploads\/2025\/07\/Alva-bANHEIRA-768x768.jpg 768w\" sizes=\"(max-width: 1080px) 100vw, 1080px\" \/>\t\t\t\t\t\t\t\t<\/a>\n\t\t\t\t\t\t\t\t\t\t\t\t\t<\/div>\n\t\t\t\t<\/div>\n\t\t\t\t<div class=\"elementor-element elementor-element-f8e611e animated-slow de_scroll_animation_no elementor-invisible elementor-widget elementor-widget-heading\" data-id=\"f8e611e\" data-element_type=\"widget\" data-settings=\"{&quot;_animation&quot;:&quot;fadeIn&quot;}\" data-widget_type=\"heading.default\">\n\t\t\t\t<div class=\"elementor-widget-container\">\n\t\t\t<h2 class=\"elementor-heading-title elementor-size-default\"><a href=\"https:\/\/picota.pt\/index.php\/monocomando-banheira-encastrar-espelhos-individuais\/\">monocomando<br>Banheira Encastrar Alva<\/a><\/h2>\t\t<\/div>\n\t\t\t\t<\/div>\n\t\t\t\t<div class=\"elementor-element elementor-element-8c41a9c de_scroll_animation_no elementor-invisible elementor-widget elementor-widget-text-editor\" data-id=\"8c41a9c\" data-element_type=\"widget\" data-settings=\"{&quot;_animation&quot;:&quot;fadeIn&quot;}\" data-widget_type=\"text-editor.default\">\n\t\t\t\t<div class=\"elementor-widget-container\">\n\t\t\t\t\t\t\t<p>REF: PC14.0704.03<\/p>\t\t\t\t\t\t<\/div>\n\t\t\t\t<\/div>\n\t\t\t\t\t<\/div>\n\t\t<\/div>\n\t\t\t\t\t<\/div>\n\t\t<\/section>\n\t\t\t\t<\/div>\n\t\t","protected":false},"excerpt":{"rendered":"<p>cole\u00e7\u00e3o aLVA monocomando lavat\u00f3rio Alva REF: PC14.01 monocomando Duche encastrar alva REF: PC14.0603 monocomandoBanheira Encastrar Alva REF: PC14.0704.03<\/p>\n","protected":false},"author":1,"featured_media":0,"parent":0,"menu_order":0,"comment_status":"closed","ping_status":"closed","template":"elementor_header_footer","meta":{"footnotes":""},"yoast_head":"<!-- This site is optimized with the Yoast SEO plugin v22.3 - https:\/\/yoast.com\/wordpress\/plugins\/seo\/ -->\n<title>Cole\u00e7\u00e3o Alva - Torneiras Picota<\/title>\n<meta name=\"description\" content=\"Torneiras Picota Conhe\u00e7a as torneiras de casa de banho da cole\u00e7\u00e3o Alva. Uma combina\u00e7\u00e3o de design moderno com funcionalidade superior.\" \/>\n<meta name=\"robots\" content=\"index, follow, max-snippet:-1, max-image-preview:large, max-video-preview:-1\" \/>\n<link rel=\"canonical\" href=\"https:\/\/picota.pt\/index.php\/alva\/\" \/>\n<meta property=\"og:locale\" content=\"en_US\" \/>\n<meta property=\"og:type\" content=\"article\" \/>\n<meta property=\"og:title\" content=\"Torneiras Picota - Cole\u00e7\u00e3o Alva\" \/>\n<meta property=\"og:description\" content=\"Cada torneira da cole\u00e7\u00e3o Alva, combina design moderno com funcionalidade superior, proporcionando uma experi\u00eancia de utiliza\u00e7\u00e3o \u00fanica.\" \/>\n<meta property=\"og:url\" content=\"https:\/\/picota.pt\/index.php\/alva\/\" \/>\n<meta property=\"og:site_name\" content=\"Torneiras Picota\" \/>\n<meta property=\"article:publisher\" content=\"https:\/\/www.facebook.com\/people\/Torneiras-Picota\/61556779479458\/\" \/>\n<meta property=\"article:modified_time\" content=\"2025-07-22T12:07:32+00:00\" \/>\n<meta property=\"og:image\" content=\"https:\/\/picota.pt\/wp-content\/uploads\/2024\/05\/Sem-Titulo-1.jpg\" \/>\n\t<meta property=\"og:image:width\" content=\"1750\" \/>\n\t<meta property=\"og:image:height\" content=\"1920\" \/>\n\t<meta property=\"og:image:type\" content=\"image\/jpeg\" \/>\n<meta name=\"twitter:card\" content=\"summary_large_image\" \/>\n<meta name=\"twitter:label1\" content=\"Est. reading time\" \/>\n\t<meta name=\"twitter:data1\" content=\"1 minute\" \/>\n<script type=\"application\/ld+json\" class=\"yoast-schema-graph\">{\"@context\":\"https:\/\/schema.org\",\"@graph\":[{\"@type\":\"WebPage\",\"@id\":\"https:\/\/picota.pt\/index.php\/alva\/\",\"url\":\"https:\/\/picota.pt\/index.php\/alva\/\",\"name\":\"Cole\u00e7\u00e3o Alva - Torneiras Picota\",\"isPartOf\":{\"@id\":\"https:\/\/picota.pt\/#website\"},\"primaryImageOfPage\":{\"@id\":\"https:\/\/picota.pt\/index.php\/alva\/#primaryimage\"},\"image\":{\"@id\":\"https:\/\/picota.pt\/index.php\/alva\/#primaryimage\"},\"thumbnailUrl\":\"https:\/\/picota.pt\/wp-content\/uploads\/2024\/12\/Monocomando-Lavatorio-Alva.png\",\"datePublished\":\"2024-05-31T10:02:04+00:00\",\"dateModified\":\"2025-07-22T12:07:32+00:00\",\"description\":\"Torneiras Picota Conhe\u00e7a as torneiras de casa de banho da cole\u00e7\u00e3o Alva. Uma combina\u00e7\u00e3o de design moderno com funcionalidade superior.\",\"breadcrumb\":{\"@id\":\"https:\/\/picota.pt\/index.php\/alva\/#breadcrumb\"},\"inLanguage\":\"en-US\",\"potentialAction\":[{\"@type\":\"ReadAction\",\"target\":[\"https:\/\/picota.pt\/index.php\/alva\/\"]}]},{\"@type\":\"ImageObject\",\"inLanguage\":\"en-US\",\"@id\":\"https:\/\/picota.pt\/index.php\/alva\/#primaryimage\",\"url\":\"https:\/\/picota.pt\/wp-content\/uploads\/2024\/12\/Monocomando-Lavatorio-Alva.png\",\"contentUrl\":\"https:\/\/picota.pt\/wp-content\/uploads\/2024\/12\/Monocomando-Lavatorio-Alva.png\",\"width\":1080,\"height\":1080},{\"@type\":\"BreadcrumbList\",\"@id\":\"https:\/\/picota.pt\/index.php\/alva\/#breadcrumb\",\"itemListElement\":[{\"@type\":\"ListItem\",\"position\":1,\"name\":\"Home\",\"item\":\"https:\/\/picota.pt\/\"},{\"@type\":\"ListItem\",\"position\":2,\"name\":\"Cole\u00e7\u00e3o Alva\"}]},{\"@type\":\"WebSite\",\"@id\":\"https:\/\/picota.pt\/#website\",\"url\":\"https:\/\/picota.pt\/\",\"name\":\"Torneiras Picota\",\"description\":\"Inova\u00e7\u00e3o que flui, eleg\u00e2ncia que perdura\",\"publisher\":{\"@id\":\"https:\/\/picota.pt\/#organization\"},\"alternateName\":\"Torneiras Picota\",\"potentialAction\":[{\"@type\":\"SearchAction\",\"target\":{\"@type\":\"EntryPoint\",\"urlTemplate\":\"https:\/\/picota.pt\/?s={search_term_string}\"},\"query-input\":\"required name=search_term_string\"}],\"inLanguage\":\"en-US\"},{\"@type\":\"Organization\",\"@id\":\"https:\/\/picota.pt\/#organization\",\"name\":\"Torneiras Picota\",\"alternateName\":\"Picota\",\"url\":\"https:\/\/picota.pt\/\",\"logo\":{\"@type\":\"ImageObject\",\"inLanguage\":\"en-US\",\"@id\":\"https:\/\/picota.pt\/#\/schema\/logo\/image\/\",\"url\":\"https:\/\/picota.pt\/wp-content\/uploads\/2024\/03\/PICOTA-yaostseo.png\",\"contentUrl\":\"https:\/\/picota.pt\/wp-content\/uploads\/2024\/03\/PICOTA-yaostseo.png\",\"width\":696,\"height\":696,\"caption\":\"Torneiras Picota\"},\"image\":{\"@id\":\"https:\/\/picota.pt\/#\/schema\/logo\/image\/\"},\"sameAs\":[\"https:\/\/www.facebook.com\/people\/Torneiras-Picota\/61556779479458\/\",\"https:\/\/www.instagram.com\/torneiraspicota\/\",\"https:\/\/www.linkedin.com\/company\/torneiraspicota\"]}]}<\/script>\n<!-- \/ Yoast SEO plugin. -->","yoast_head_json":{"title":"Cole\u00e7\u00e3o Alva - Torneiras Picota","description":"Torneiras Picota Conhe\u00e7a as torneiras de casa de banho da cole\u00e7\u00e3o Alva. Uma combina\u00e7\u00e3o de design moderno com funcionalidade superior.","robots":{"index":"index","follow":"follow","max-snippet":"max-snippet:-1","max-image-preview":"max-image-preview:large","max-video-preview":"max-video-preview:-1"},"canonical":"https:\/\/picota.pt\/index.php\/alva\/","og_locale":"en_US","og_type":"article","og_title":"Torneiras Picota - Cole\u00e7\u00e3o Alva","og_description":"Cada torneira da cole\u00e7\u00e3o Alva, combina design moderno com funcionalidade superior, proporcionando uma experi\u00eancia de utiliza\u00e7\u00e3o \u00fanica.","og_url":"https:\/\/picota.pt\/index.php\/alva\/","og_site_name":"Torneiras Picota","article_publisher":"https:\/\/www.facebook.com\/people\/Torneiras-Picota\/61556779479458\/","article_modified_time":"2025-07-22T12:07:32+00:00","og_image":[{"width":1750,"height":1920,"url":"https:\/\/picota.pt\/wp-content\/uploads\/2024\/05\/Sem-Titulo-1.jpg","type":"image\/jpeg"}],"twitter_card":"summary_large_image","twitter_misc":{"Est. reading time":"1 minute"},"schema":{"@context":"https:\/\/schema.org","@graph":[{"@type":"WebPage","@id":"https:\/\/picota.pt\/index.php\/alva\/","url":"https:\/\/picota.pt\/index.php\/alva\/","name":"Cole\u00e7\u00e3o Alva - Torneiras Picota","isPartOf":{"@id":"https:\/\/picota.pt\/#website"},"primaryImageOfPage":{"@id":"https:\/\/picota.pt\/index.php\/alva\/#primaryimage"},"image":{"@id":"https:\/\/picota.pt\/index.php\/alva\/#primaryimage"},"thumbnailUrl":"https:\/\/picota.pt\/wp-content\/uploads\/2024\/12\/Monocomando-Lavatorio-Alva.png","datePublished":"2024-05-31T10:02:04+00:00","dateModified":"2025-07-22T12:07:32+00:00","description":"Torneiras Picota Conhe\u00e7a as torneiras de casa de banho da cole\u00e7\u00e3o Alva. Uma combina\u00e7\u00e3o de design moderno com funcionalidade superior.","breadcrumb":{"@id":"https:\/\/picota.pt\/index.php\/alva\/#breadcrumb"},"inLanguage":"en-US","potentialAction":[{"@type":"ReadAction","target":["https:\/\/picota.pt\/index.php\/alva\/"]}]},{"@type":"ImageObject","inLanguage":"en-US","@id":"https:\/\/picota.pt\/index.php\/alva\/#primaryimage","url":"https:\/\/picota.pt\/wp-content\/uploads\/2024\/12\/Monocomando-Lavatorio-Alva.png","contentUrl":"https:\/\/picota.pt\/wp-content\/uploads\/2024\/12\/Monocomando-Lavatorio-Alva.png","width":1080,"height":1080},{"@type":"BreadcrumbList","@id":"https:\/\/picota.pt\/index.php\/alva\/#breadcrumb","itemListElement":[{"@type":"ListItem","position":1,"name":"Home","item":"https:\/\/picota.pt\/"},{"@type":"ListItem","position":2,"name":"Cole\u00e7\u00e3o Alva"}]},{"@type":"WebSite","@id":"https:\/\/picota.pt\/#website","url":"https:\/\/picota.pt\/","name":"Torneiras Picota","description":"Inova\u00e7\u00e3o que flui, eleg\u00e2ncia que perdura","publisher":{"@id":"https:\/\/picota.pt\/#organization"},"alternateName":"Torneiras Picota","potentialAction":[{"@type":"SearchAction","target":{"@type":"EntryPoint","urlTemplate":"https:\/\/picota.pt\/?s={search_term_string}"},"query-input":"required name=search_term_string"}],"inLanguage":"en-US"},{"@type":"Organization","@id":"https:\/\/picota.pt\/#organization","name":"Torneiras Picota","alternateName":"Picota","url":"https:\/\/picota.pt\/","logo":{"@type":"ImageObject","inLanguage":"en-US","@id":"https:\/\/picota.pt\/#\/schema\/logo\/image\/","url":"https:\/\/picota.pt\/wp-content\/uploads\/2024\/03\/PICOTA-yaostseo.png","contentUrl":"https:\/\/picota.pt\/wp-content\/uploads\/2024\/03\/PICOTA-yaostseo.png","width":696,"height":696,"caption":"Torneiras Picota"},"image":{"@id":"https:\/\/picota.pt\/#\/schema\/logo\/image\/"},"sameAs":["https:\/\/www.facebook.com\/people\/Torneiras-Picota\/61556779479458\/","https:\/\/www.instagram.com\/torneiraspicota\/","https:\/\/www.linkedin.com\/company\/torneiraspicota"]}]}},"_links":{"self":[{"href":"https:\/\/picota.pt\/index.php\/wp-json\/wp\/v2\/pages\/3129"}],"collection":[{"href":"https:\/\/picota.pt\/index.php\/wp-json\/wp\/v2\/pages"}],"about":[{"href":"https:\/\/picota.pt\/index.php\/wp-json\/wp\/v2\/types\/page"}],"author":[{"embeddable":true,"href":"https:\/\/picota.pt\/index.php\/wp-json\/wp\/v2\/users\/1"}],"replies":[{"embeddable":true,"href":"https:\/\/picota.pt\/index.php\/wp-json\/wp\/v2\/comments?post=3129"}],"version-history":[{"count":25,"href":"https:\/\/picota.pt\/index.php\/wp-json\/wp\/v2\/pages\/3129\/revisions"}],"predecessor-version":[{"id":4079,"href":"https:\/\/picota.pt\/index.php\/wp-json\/wp\/v2\/pages\/3129\/revisions\/4079"}],"wp:attachment":[{"href":"https:\/\/picota.pt\/index.php\/wp-json\/wp\/v2\/media?parent=3129"}],"curies":[{"name":"wp","href":"https:\/\/api.w.org\/{rel}","templated":true}]}}