{"id":3061,"date":"2024-03-29T16:24:14","date_gmt":"2024-03-29T16:24:14","guid":{"rendered":"https:\/\/picota.pt\/?page_id=3061"},"modified":"2024-03-29T16:49:23","modified_gmt":"2024-03-29T16:49:23","slug":"como-escolher-a-sua-torneira-de-casa-de-banho","status":"publish","type":"page","link":"https:\/\/picota.pt\/index.php\/como-escolher-a-sua-torneira-de-casa-de-banho\/","title":{"rendered":"Como escolher a sua torneira de casa de banho"},"content":{"rendered":"\t\t<div data-elementor-type=\"wp-page\" data-elementor-id=\"3061\" class=\"elementor elementor-3061\" data-elementor-post-type=\"page\">\n\t\t\t\t\t\t<section class=\"elementor-section elementor-top-section elementor-element elementor-element-43bcaad7 elementor-section-height-min-height elementor-section-boxed elementor-section-height-default elementor-section-items-middle\" data-id=\"43bcaad7\" data-element_type=\"section\" data-settings=\"{&quot;background_background&quot;:&quot;classic&quot;}\">\n\t\t\t\t\t\t\t<div class=\"elementor-background-overlay\"><\/div>\n\t\t\t\t\t\t\t<div class=\"elementor-container elementor-column-gap-default\">\n\t\t\t\t\t<div class=\"elementor-column elementor-col-100 elementor-top-column elementor-element elementor-element-47874c66\" data-id=\"47874c66\" data-element_type=\"column\">\n\t\t\t<div class=\"elementor-widget-wrap elementor-element-populated\">\n\t\t\t\t\t\t<div class=\"elementor-element elementor-element-4a5228b animated-slow de_scroll_animation_no elementor-invisible elementor-widget elementor-widget-heading\" data-id=\"4a5228b\" data-element_type=\"widget\" data-settings=\"{&quot;_animation&quot;:&quot;fadeIn&quot;}\" data-widget_type=\"heading.default\">\n\t\t\t\t<div class=\"elementor-widget-container\">\n\t\t\t<style>\/*! elementor - v3.19.0 - 05-02-2024 *\/\n.elementor-heading-title{padding:0;margin:0;line-height:1}.elementor-widget-heading .elementor-heading-title[class*=elementor-size-]>a{color:inherit;font-size:inherit;line-height:inherit}.elementor-widget-heading .elementor-heading-title.elementor-size-small{font-size:15px}.elementor-widget-heading .elementor-heading-title.elementor-size-medium{font-size:19px}.elementor-widget-heading .elementor-heading-title.elementor-size-large{font-size:29px}.elementor-widget-heading .elementor-heading-title.elementor-size-xl{font-size:39px}.elementor-widget-heading .elementor-heading-title.elementor-size-xxl{font-size:59px}<\/style><h3 class=\"elementor-heading-title elementor-size-default\">Picota<\/h3>\t\t<\/div>\n\t\t\t\t<\/div>\n\t\t\t\t<div class=\"elementor-element elementor-element-1227e1ca animated-slow de_scroll_animation_no elementor-invisible elementor-widget elementor-widget-heading\" data-id=\"1227e1ca\" data-element_type=\"widget\" data-settings=\"{&quot;_animation&quot;:&quot;fadeIn&quot;}\" data-widget_type=\"heading.default\">\n\t\t\t\t<div class=\"elementor-widget-container\">\n\t\t\t<h2 class=\"elementor-heading-title elementor-size-default\">Como escolher a sua torneira de casa de banho<\/h2>\t\t<\/div>\n\t\t\t\t<\/div>\n\t\t\t\t<div class=\"elementor-element elementor-element-341979c5 elementor-widget__width-initial elementor-widget-mobile__width-initial de_scroll_animation_no elementor-invisible elementor-widget elementor-widget-text-editor\" data-id=\"341979c5\" data-element_type=\"widget\" data-settings=\"{&quot;_animation&quot;:&quot;fadeIn&quot;}\" data-widget_type=\"text-editor.default\">\n\t\t\t\t<div class=\"elementor-widget-container\">\n\t\t\t<style>\/*! elementor - v3.19.0 - 05-02-2024 *\/\n.elementor-widget-text-editor.elementor-drop-cap-view-stacked .elementor-drop-cap{background-color:#69727d;color:#fff}.elementor-widget-text-editor.elementor-drop-cap-view-framed .elementor-drop-cap{color:#69727d;border:3px solid;background-color:transparent}.elementor-widget-text-editor:not(.elementor-drop-cap-view-default) .elementor-drop-cap{margin-top:8px}.elementor-widget-text-editor:not(.elementor-drop-cap-view-default) .elementor-drop-cap-letter{width:1em;height:1em}.elementor-widget-text-editor .elementor-drop-cap{float:left;text-align:center;line-height:1;font-size:50px}.elementor-widget-text-editor .elementor-drop-cap-letter{display:inline-block}<\/style>\t\t\t\t<p>No processo de design e decora\u00e7\u00e3o de uma casa, cada detalhe \u00e9 importante. As torneiras desempenham um papel crucial na funcionalidade e est\u00e9tica das casas de banho. Desde os diferentes estilos e designs dispon\u00edveis at\u00e9 \u00e0s caracter\u00edsticas t\u00e9cnicas e tend\u00eancias atuais, iremos ajud\u00e1-lo a garantir que faz a escolha certa para o seu espa\u00e7o.<\/p>\t\t\t\t\t\t<\/div>\n\t\t\t\t<\/div>\n\t\t\t\t<section class=\"elementor-section elementor-inner-section elementor-element elementor-element-7929738b elementor-section-boxed elementor-section-height-default elementor-section-height-default\" data-id=\"7929738b\" data-element_type=\"section\">\n\t\t\t\t\t\t<div class=\"elementor-container elementor-column-gap-default\">\n\t\t\t\t\t<div class=\"elementor-column elementor-col-50 elementor-inner-column elementor-element elementor-element-f39632c\" data-id=\"f39632c\" data-element_type=\"column\">\n\t\t\t<div class=\"elementor-widget-wrap elementor-element-populated\">\n\t\t\t\t\t\t<div class=\"elementor-element elementor-element-9fcde5a elementor-widget__width-initial elementor-widget-mobile__width-initial de_scroll_animation_no elementor-invisible elementor-widget elementor-widget-text-editor\" data-id=\"9fcde5a\" data-element_type=\"widget\" data-settings=\"{&quot;_animation&quot;:&quot;fadeIn&quot;}\" data-widget_type=\"text-editor.default\">\n\t\t\t\t<div class=\"elementor-widget-container\">\n\t\t\t\t\t\t\t<p><b>Conhe\u00e7a as Suas Necessidades:<br \/><\/b>Pergunte-se sobre o estilo de decora\u00e7\u00e3o da sua casa de banho, o espa\u00e7o dispon\u00edvel na pia e quaisquer requisitos especiais, como torneiras com tecnologia de economia de \u00e1gua. As torneiras de casa de banho da Picota oferecem uma variedade de estilos para se adequarem a diferentes prefer\u00eancias e necessidades.<br \/><br \/><\/p><p><strong>Materiais e Acabamentos:<br \/><\/strong>Os materiais e acabamentos das torneiras podem ter um grande impacto na sua durabilidade e est\u00e9tica. Materiais como lat\u00e3o garantem resist\u00eancia \u00e0 corros\u00e3o e uma apar\u00eancia duradoura.<br \/><br \/><\/p><p><strong>Tend\u00eancias atuais:<br \/><\/strong>\u00c9 \u00fatil estar ciente das tend\u00eancias atuais em design de torneiras de casa de banho. As torneiras da Picota seguem as \u00faltimas tend\u00eancias de design, oferecendo op\u00e7\u00f5es que combinam eleg\u00e2ncia atemporal com funcionalidade moderna. Desde linhas limpas e minimalistas at\u00e9 detalhes sofisticados, as torneiras da Picota refletem o melhor do design contempor\u00e2neo.<br \/><br \/><\/p>\t\t\t\t\t\t<\/div>\n\t\t\t\t<\/div>\n\t\t\t\t<div class=\"elementor-element elementor-element-005292d elementor-widget__width-initial elementor-widget-mobile__width-initial de_scroll_animation_no elementor-invisible elementor-widget elementor-widget-text-editor\" data-id=\"005292d\" data-element_type=\"widget\" data-settings=\"{&quot;_animation&quot;:&quot;fadeIn&quot;}\" data-widget_type=\"text-editor.default\">\n\t\t\t\t<div class=\"elementor-widget-container\">\n\t\t\t\t\t\t\t<p><span style=\"text-align: start;\">Escolher a torneira de casa de banho certa pode fazer toda a diferen\u00e7a na apar\u00eancia e funcionalidade do seu espa\u00e7o. Com uma variedade de estilos, materiais e tecnologias dispon\u00edveis, as torneiras de casa de banho da Picota oferecem op\u00e7\u00f5es para todos os gostos e necessidades.\u00a0<\/span><\/p>\t\t\t\t\t\t<\/div>\n\t\t\t\t<\/div>\n\t\t\t\t\t<\/div>\n\t\t<\/div>\n\t\t\t\t<div class=\"elementor-column elementor-col-50 elementor-inner-column elementor-element elementor-element-79c2c455\" data-id=\"79c2c455\" data-element_type=\"column\">\n\t\t\t<div class=\"elementor-widget-wrap elementor-element-populated\">\n\t\t\t\t\t\t<div class=\"elementor-element elementor-element-5896619b elementor-widget__width-initial elementor-widget-mobile__width-initial de_scroll_animation_no elementor-invisible elementor-widget elementor-widget-image\" data-id=\"5896619b\" data-element_type=\"widget\" data-settings=\"{&quot;_animation&quot;:&quot;fadeInUp&quot;}\" data-widget_type=\"image.default\">\n\t\t\t\t<div class=\"elementor-widget-container\">\n\t\t\t<style>\/*! elementor - v3.19.0 - 05-02-2024 *\/\n.elementor-widget-image{text-align:center}.elementor-widget-image a{display:inline-block}.elementor-widget-image a img[src$=\".svg\"]{width:48px}.elementor-widget-image img{vertical-align:middle;display:inline-block}<\/style>\t\t\t\t\t\t\t\t\t\t<img fetchpriority=\"high\" decoding=\"async\" width=\"1560\" height=\"2340\" src=\"https:\/\/picota.pt\/wp-content\/uploads\/2024\/03\/picota2-2.jpg\" class=\"attachment-full size-full wp-image-3065\" alt=\"\" srcset=\"https:\/\/picota.pt\/wp-content\/uploads\/2024\/03\/picota2-2.jpg 1560w, https:\/\/picota.pt\/wp-content\/uploads\/2024\/03\/picota2-2-200x300.jpg 200w, https:\/\/picota.pt\/wp-content\/uploads\/2024\/03\/picota2-2-683x1024.jpg 683w, https:\/\/picota.pt\/wp-content\/uploads\/2024\/03\/picota2-2-768x1152.jpg 768w, https:\/\/picota.pt\/wp-content\/uploads\/2024\/03\/picota2-2-1024x1536.jpg 1024w, https:\/\/picota.pt\/wp-content\/uploads\/2024\/03\/picota2-2-1365x2048.jpg 1365w\" sizes=\"(max-width: 1560px) 100vw, 1560px\" \/>\t\t\t\t\t\t\t\t\t\t\t\t\t<\/div>\n\t\t\t\t<\/div>\n\t\t\t\t\t<\/div>\n\t\t<\/div>\n\t\t\t\t\t<\/div>\n\t\t<\/section>\n\t\t\t\t\t<\/div>\n\t\t<\/div>\n\t\t\t\t\t<\/div>\n\t\t<\/section>\n\t\t\t\t<\/div>\n\t\t","protected":false},"excerpt":{"rendered":"<p>Picota Como escolher a sua torneira de casa de banho No processo de design e decora\u00e7\u00e3o de uma casa, cada detalhe \u00e9 importante. As torneiras desempenham um papel crucial na funcionalidade e est\u00e9tica das casas de banho. Desde os diferentes estilos e designs dispon\u00edveis at\u00e9 \u00e0s caracter\u00edsticas t\u00e9cnicas e tend\u00eancias atuais, iremos ajud\u00e1-lo a garantir [&hellip;]<\/p>\n","protected":false},"author":1,"featured_media":0,"parent":0,"menu_order":0,"comment_status":"closed","ping_status":"closed","template":"","meta":{"footnotes":""},"yoast_head":"<!-- This site is optimized with the Yoast SEO plugin v22.3 - https:\/\/yoast.com\/wordpress\/plugins\/seo\/ -->\n<title>Como escolher a sua torneira de casa de banho - Torneiras Picota<\/title>\n<meta name=\"description\" content=\"Com uma variedade de estilos, materiais e tecnologias dispon\u00edveis, as torneiras Picota oferecem op\u00e7\u00f5es para todos os gostos.\" \/>\n<meta name=\"robots\" content=\"index, follow, max-snippet:-1, max-image-preview:large, max-video-preview:-1\" \/>\n<link rel=\"canonical\" href=\"https:\/\/picota.pt\/index.php\/como-escolher-a-sua-torneira-de-casa-de-banho\/\" \/>\n<meta property=\"og:locale\" content=\"en_US\" \/>\n<meta property=\"og:type\" content=\"article\" \/>\n<meta property=\"og:title\" content=\"Torneiras Picota\" \/>\n<meta property=\"og:description\" content=\"Como escolher a torneira ideal para a sua casa de banho\" \/>\n<meta property=\"og:url\" content=\"https:\/\/picota.pt\/index.php\/como-escolher-a-sua-torneira-de-casa-de-banho\/\" \/>\n<meta property=\"og:site_name\" content=\"Torneiras Picota\" \/>\n<meta property=\"article:publisher\" content=\"https:\/\/www.facebook.com\/people\/Torneiras-Picota\/61556779479458\/\" \/>\n<meta property=\"article:modified_time\" content=\"2024-03-29T16:49:23+00:00\" \/>\n<meta property=\"og:image\" content=\"https:\/\/picota.pt\/wp-content\/uploads\/2024\/03\/picota2-2.jpg\" \/>\n\t<meta property=\"og:image:width\" content=\"1560\" \/>\n\t<meta property=\"og:image:height\" content=\"2340\" \/>\n\t<meta property=\"og:image:type\" content=\"image\/jpeg\" \/>\n<meta name=\"twitter:card\" content=\"summary_large_image\" \/>\n<meta name=\"twitter:label1\" content=\"Est. reading time\" \/>\n\t<meta name=\"twitter:data1\" content=\"2 minutes\" \/>\n<script type=\"application\/ld+json\" class=\"yoast-schema-graph\">{\"@context\":\"https:\/\/schema.org\",\"@graph\":[{\"@type\":\"WebPage\",\"@id\":\"https:\/\/picota.pt\/index.php\/como-escolher-a-sua-torneira-de-casa-de-banho\/\",\"url\":\"https:\/\/picota.pt\/index.php\/como-escolher-a-sua-torneira-de-casa-de-banho\/\",\"name\":\"Como escolher a sua torneira de casa de banho - Torneiras Picota\",\"isPartOf\":{\"@id\":\"https:\/\/picota.pt\/#website\"},\"primaryImageOfPage\":{\"@id\":\"https:\/\/picota.pt\/index.php\/como-escolher-a-sua-torneira-de-casa-de-banho\/#primaryimage\"},\"image\":{\"@id\":\"https:\/\/picota.pt\/index.php\/como-escolher-a-sua-torneira-de-casa-de-banho\/#primaryimage\"},\"thumbnailUrl\":\"https:\/\/picota.pt\/wp-content\/uploads\/2024\/03\/picota2-2.jpg\",\"datePublished\":\"2024-03-29T16:24:14+00:00\",\"dateModified\":\"2024-03-29T16:49:23+00:00\",\"description\":\"Com uma variedade de estilos, materiais e tecnologias dispon\u00edveis, as torneiras Picota oferecem op\u00e7\u00f5es para todos os gostos.\",\"breadcrumb\":{\"@id\":\"https:\/\/picota.pt\/index.php\/como-escolher-a-sua-torneira-de-casa-de-banho\/#breadcrumb\"},\"inLanguage\":\"en-US\",\"potentialAction\":[{\"@type\":\"ReadAction\",\"target\":[\"https:\/\/picota.pt\/index.php\/como-escolher-a-sua-torneira-de-casa-de-banho\/\"]}]},{\"@type\":\"ImageObject\",\"inLanguage\":\"en-US\",\"@id\":\"https:\/\/picota.pt\/index.php\/como-escolher-a-sua-torneira-de-casa-de-banho\/#primaryimage\",\"url\":\"https:\/\/picota.pt\/wp-content\/uploads\/2024\/03\/picota2-2.jpg\",\"contentUrl\":\"https:\/\/picota.pt\/wp-content\/uploads\/2024\/03\/picota2-2.jpg\",\"width\":1560,\"height\":2340},{\"@type\":\"BreadcrumbList\",\"@id\":\"https:\/\/picota.pt\/index.php\/como-escolher-a-sua-torneira-de-casa-de-banho\/#breadcrumb\",\"itemListElement\":[{\"@type\":\"ListItem\",\"position\":1,\"name\":\"Home\",\"item\":\"https:\/\/picota.pt\/\"},{\"@type\":\"ListItem\",\"position\":2,\"name\":\"Como escolher a sua torneira de casa de banho\"}]},{\"@type\":\"WebSite\",\"@id\":\"https:\/\/picota.pt\/#website\",\"url\":\"https:\/\/picota.pt\/\",\"name\":\"Torneiras Picota\",\"description\":\"Inova\u00e7\u00e3o que flui, eleg\u00e2ncia que perdura\",\"publisher\":{\"@id\":\"https:\/\/picota.pt\/#organization\"},\"alternateName\":\"Torneiras Picota\",\"potentialAction\":[{\"@type\":\"SearchAction\",\"target\":{\"@type\":\"EntryPoint\",\"urlTemplate\":\"https:\/\/picota.pt\/?s={search_term_string}\"},\"query-input\":\"required name=search_term_string\"}],\"inLanguage\":\"en-US\"},{\"@type\":\"Organization\",\"@id\":\"https:\/\/picota.pt\/#organization\",\"name\":\"Torneiras Picota\",\"alternateName\":\"Picota\",\"url\":\"https:\/\/picota.pt\/\",\"logo\":{\"@type\":\"ImageObject\",\"inLanguage\":\"en-US\",\"@id\":\"https:\/\/picota.pt\/#\/schema\/logo\/image\/\",\"url\":\"https:\/\/picota.pt\/wp-content\/uploads\/2024\/03\/PICOTA-yaostseo.png\",\"contentUrl\":\"https:\/\/picota.pt\/wp-content\/uploads\/2024\/03\/PICOTA-yaostseo.png\",\"width\":696,\"height\":696,\"caption\":\"Torneiras Picota\"},\"image\":{\"@id\":\"https:\/\/picota.pt\/#\/schema\/logo\/image\/\"},\"sameAs\":[\"https:\/\/www.facebook.com\/people\/Torneiras-Picota\/61556779479458\/\",\"https:\/\/www.instagram.com\/torneiraspicota\/\",\"https:\/\/www.linkedin.com\/company\/torneiraspicota\"]}]}<\/script>\n<!-- \/ Yoast SEO plugin. -->","yoast_head_json":{"title":"Como escolher a sua torneira de casa de banho - Torneiras Picota","description":"Com uma variedade de estilos, materiais e tecnologias dispon\u00edveis, as torneiras Picota oferecem op\u00e7\u00f5es para todos os gostos.","robots":{"index":"index","follow":"follow","max-snippet":"max-snippet:-1","max-image-preview":"max-image-preview:large","max-video-preview":"max-video-preview:-1"},"canonical":"https:\/\/picota.pt\/index.php\/como-escolher-a-sua-torneira-de-casa-de-banho\/","og_locale":"en_US","og_type":"article","og_title":"Torneiras Picota","og_description":"Como escolher a torneira ideal para a sua casa de banho","og_url":"https:\/\/picota.pt\/index.php\/como-escolher-a-sua-torneira-de-casa-de-banho\/","og_site_name":"Torneiras Picota","article_publisher":"https:\/\/www.facebook.com\/people\/Torneiras-Picota\/61556779479458\/","article_modified_time":"2024-03-29T16:49:23+00:00","og_image":[{"width":1560,"height":2340,"url":"https:\/\/picota.pt\/wp-content\/uploads\/2024\/03\/picota2-2.jpg","type":"image\/jpeg"}],"twitter_card":"summary_large_image","twitter_misc":{"Est. reading time":"2 minutes"},"schema":{"@context":"https:\/\/schema.org","@graph":[{"@type":"WebPage","@id":"https:\/\/picota.pt\/index.php\/como-escolher-a-sua-torneira-de-casa-de-banho\/","url":"https:\/\/picota.pt\/index.php\/como-escolher-a-sua-torneira-de-casa-de-banho\/","name":"Como escolher a sua torneira de casa de banho - Torneiras Picota","isPartOf":{"@id":"https:\/\/picota.pt\/#website"},"primaryImageOfPage":{"@id":"https:\/\/picota.pt\/index.php\/como-escolher-a-sua-torneira-de-casa-de-banho\/#primaryimage"},"image":{"@id":"https:\/\/picota.pt\/index.php\/como-escolher-a-sua-torneira-de-casa-de-banho\/#primaryimage"},"thumbnailUrl":"https:\/\/picota.pt\/wp-content\/uploads\/2024\/03\/picota2-2.jpg","datePublished":"2024-03-29T16:24:14+00:00","dateModified":"2024-03-29T16:49:23+00:00","description":"Com uma variedade de estilos, materiais e tecnologias dispon\u00edveis, as torneiras Picota oferecem op\u00e7\u00f5es para todos os gostos.","breadcrumb":{"@id":"https:\/\/picota.pt\/index.php\/como-escolher-a-sua-torneira-de-casa-de-banho\/#breadcrumb"},"inLanguage":"en-US","potentialAction":[{"@type":"ReadAction","target":["https:\/\/picota.pt\/index.php\/como-escolher-a-sua-torneira-de-casa-de-banho\/"]}]},{"@type":"ImageObject","inLanguage":"en-US","@id":"https:\/\/picota.pt\/index.php\/como-escolher-a-sua-torneira-de-casa-de-banho\/#primaryimage","url":"https:\/\/picota.pt\/wp-content\/uploads\/2024\/03\/picota2-2.jpg","contentUrl":"https:\/\/picota.pt\/wp-content\/uploads\/2024\/03\/picota2-2.jpg","width":1560,"height":2340},{"@type":"BreadcrumbList","@id":"https:\/\/picota.pt\/index.php\/como-escolher-a-sua-torneira-de-casa-de-banho\/#breadcrumb","itemListElement":[{"@type":"ListItem","position":1,"name":"Home","item":"https:\/\/picota.pt\/"},{"@type":"ListItem","position":2,"name":"Como escolher a sua torneira de casa de banho"}]},{"@type":"WebSite","@id":"https:\/\/picota.pt\/#website","url":"https:\/\/picota.pt\/","name":"Torneiras Picota","description":"Inova\u00e7\u00e3o que flui, eleg\u00e2ncia que perdura","publisher":{"@id":"https:\/\/picota.pt\/#organization"},"alternateName":"Torneiras Picota","potentialAction":[{"@type":"SearchAction","target":{"@type":"EntryPoint","urlTemplate":"https:\/\/picota.pt\/?s={search_term_string}"},"query-input":"required name=search_term_string"}],"inLanguage":"en-US"},{"@type":"Organization","@id":"https:\/\/picota.pt\/#organization","name":"Torneiras Picota","alternateName":"Picota","url":"https:\/\/picota.pt\/","logo":{"@type":"ImageObject","inLanguage":"en-US","@id":"https:\/\/picota.pt\/#\/schema\/logo\/image\/","url":"https:\/\/picota.pt\/wp-content\/uploads\/2024\/03\/PICOTA-yaostseo.png","contentUrl":"https:\/\/picota.pt\/wp-content\/uploads\/2024\/03\/PICOTA-yaostseo.png","width":696,"height":696,"caption":"Torneiras Picota"},"image":{"@id":"https:\/\/picota.pt\/#\/schema\/logo\/image\/"},"sameAs":["https:\/\/www.facebook.com\/people\/Torneiras-Picota\/61556779479458\/","https:\/\/www.instagram.com\/torneiraspicota\/","https:\/\/www.linkedin.com\/company\/torneiraspicota"]}]}},"_links":{"self":[{"href":"https:\/\/picota.pt\/index.php\/wp-json\/wp\/v2\/pages\/3061"}],"collection":[{"href":"https:\/\/picota.pt\/index.php\/wp-json\/wp\/v2\/pages"}],"about":[{"href":"https:\/\/picota.pt\/index.php\/wp-json\/wp\/v2\/types\/page"}],"author":[{"embeddable":true,"href":"https:\/\/picota.pt\/index.php\/wp-json\/wp\/v2\/users\/1"}],"replies":[{"embeddable":true,"href":"https:\/\/picota.pt\/index.php\/wp-json\/wp\/v2\/comments?post=3061"}],"version-history":[{"count":26,"href":"https:\/\/picota.pt\/index.php\/wp-json\/wp\/v2\/pages\/3061\/revisions"}],"predecessor-version":[{"id":3093,"href":"https:\/\/picota.pt\/index.php\/wp-json\/wp\/v2\/pages\/3061\/revisions\/3093"}],"wp:attachment":[{"href":"https:\/\/picota.pt\/index.php\/wp-json\/wp\/v2\/media?parent=3061"}],"curies":[{"name":"wp","href":"https:\/\/api.w.org\/{rel}","templated":true}]}}