{"id":2776,"date":"2024-02-02T13:51:02","date_gmt":"2024-02-02T13:51:02","guid":{"rendered":"https:\/\/picota.pt\/?page_id=2776"},"modified":"2024-04-02T19:30:02","modified_gmt":"2024-04-02T19:30:02","slug":"torneira-preta","status":"publish","type":"page","link":"https:\/\/picota.pt\/index.php\/torneira-preta\/","title":{"rendered":"Torneira dourada"},"content":{"rendered":"\t\t<div data-elementor-type=\"wp-page\" data-elementor-id=\"2776\" class=\"elementor elementor-2776\" data-elementor-post-type=\"page\">\n\t\t\t\t\t\t<section class=\"elementor-section elementor-top-section elementor-element elementor-element-580c3942 elementor-section-height-min-height elementor-section-boxed elementor-section-height-default elementor-section-items-middle\" data-id=\"580c3942\" data-element_type=\"section\" data-settings=\"{&quot;background_background&quot;:&quot;classic&quot;}\">\n\t\t\t\t\t\t\t<div class=\"elementor-background-overlay\"><\/div>\n\t\t\t\t\t\t\t<div class=\"elementor-container elementor-column-gap-default\">\n\t\t\t\t\t<div class=\"elementor-column elementor-col-100 elementor-top-column elementor-element elementor-element-7b3f6369\" data-id=\"7b3f6369\" data-element_type=\"column\">\n\t\t\t<div class=\"elementor-widget-wrap elementor-element-populated\">\n\t\t\t\t\t\t<div class=\"elementor-element elementor-element-244aa481 animated-slow de_scroll_animation_no elementor-invisible elementor-widget elementor-widget-heading\" data-id=\"244aa481\" data-element_type=\"widget\" data-settings=\"{&quot;_animation&quot;:&quot;fadeIn&quot;}\" data-widget_type=\"heading.default\">\n\t\t\t\t<div class=\"elementor-widget-container\">\n\t\t\t<style>\/*! elementor - v3.19.0 - 05-02-2024 *\/\n.elementor-heading-title{padding:0;margin:0;line-height:1}.elementor-widget-heading .elementor-heading-title[class*=elementor-size-]>a{color:inherit;font-size:inherit;line-height:inherit}.elementor-widget-heading .elementor-heading-title.elementor-size-small{font-size:15px}.elementor-widget-heading .elementor-heading-title.elementor-size-medium{font-size:19px}.elementor-widget-heading .elementor-heading-title.elementor-size-large{font-size:29px}.elementor-widget-heading .elementor-heading-title.elementor-size-xl{font-size:39px}.elementor-widget-heading .elementor-heading-title.elementor-size-xxl{font-size:59px}<\/style><h3 class=\"elementor-heading-title elementor-size-default\">Picota<\/h3>\t\t<\/div>\n\t\t\t\t<\/div>\n\t\t\t\t<div class=\"elementor-element elementor-element-4149214e animated-slow de_scroll_animation_no elementor-invisible elementor-widget elementor-widget-heading\" data-id=\"4149214e\" data-element_type=\"widget\" data-settings=\"{&quot;_animation&quot;:&quot;fadeIn&quot;}\" data-widget_type=\"heading.default\">\n\t\t\t\t<div class=\"elementor-widget-container\">\n\t\t\t<h2 class=\"elementor-heading-title elementor-size-default\">A OP\u00c7\u00c3O SUSTENT\u00c1VEL PARA A SUA CASA<\/h2>\t\t<\/div>\n\t\t\t\t<\/div>\n\t\t\t\t<div class=\"elementor-element elementor-element-6e176712 de_scroll_animation_no elementor-widget elementor-widget-spacer\" data-id=\"6e176712\" data-element_type=\"widget\" data-widget_type=\"spacer.default\">\n\t\t\t\t<div class=\"elementor-widget-container\">\n\t\t\t<style>\/*! elementor - v3.19.0 - 05-02-2024 *\/\n.elementor-column .elementor-spacer-inner{height:var(--spacer-size)}.e-con{--container-widget-width:100%}.e-con-inner>.elementor-widget-spacer,.e-con>.elementor-widget-spacer{width:var(--container-widget-width,var(--spacer-size));--align-self:var(--container-widget-align-self,initial);--flex-shrink:0}.e-con-inner>.elementor-widget-spacer>.elementor-widget-container,.e-con>.elementor-widget-spacer>.elementor-widget-container{height:100%;width:100%}.e-con-inner>.elementor-widget-spacer>.elementor-widget-container>.elementor-spacer,.e-con>.elementor-widget-spacer>.elementor-widget-container>.elementor-spacer{height:100%}.e-con-inner>.elementor-widget-spacer>.elementor-widget-container>.elementor-spacer>.elementor-spacer-inner,.e-con>.elementor-widget-spacer>.elementor-widget-container>.elementor-spacer>.elementor-spacer-inner{height:var(--container-widget-height,var(--spacer-size))}.e-con-inner>.elementor-widget-spacer.elementor-widget-empty,.e-con>.elementor-widget-spacer.elementor-widget-empty{position:relative;min-height:22px;min-width:22px}.e-con-inner>.elementor-widget-spacer.elementor-widget-empty .elementor-widget-empty-icon,.e-con>.elementor-widget-spacer.elementor-widget-empty .elementor-widget-empty-icon{position:absolute;top:0;bottom:0;left:0;right:0;margin:auto;padding:0;width:22px;height:22px}<\/style>\t\t<div class=\"elementor-spacer\">\n\t\t\t<div class=\"elementor-spacer-inner\"><\/div>\n\t\t<\/div>\n\t\t\t\t<\/div>\n\t\t\t\t<\/div>\n\t\t\t\t<section class=\"elementor-section elementor-inner-section elementor-element elementor-element-7f34fc67 elementor-section-boxed elementor-section-height-default elementor-section-height-default\" data-id=\"7f34fc67\" data-element_type=\"section\">\n\t\t\t\t\t\t<div class=\"elementor-container elementor-column-gap-default\">\n\t\t\t\t\t<div class=\"elementor-column elementor-col-50 elementor-inner-column elementor-element elementor-element-63985fff\" data-id=\"63985fff\" data-element_type=\"column\">\n\t\t\t<div class=\"elementor-widget-wrap elementor-element-populated\">\n\t\t\t\t\t\t<div class=\"elementor-element elementor-element-21552ede de_scroll_animation_no elementor-invisible elementor-widget elementor-widget-text-editor\" data-id=\"21552ede\" data-element_type=\"widget\" data-settings=\"{&quot;_animation&quot;:&quot;fadeIn&quot;}\" data-widget_type=\"text-editor.default\">\n\t\t\t\t<div class=\"elementor-widget-container\">\n\t\t\t<style>\/*! elementor - v3.19.0 - 05-02-2024 *\/\n.elementor-widget-text-editor.elementor-drop-cap-view-stacked .elementor-drop-cap{background-color:#69727d;color:#fff}.elementor-widget-text-editor.elementor-drop-cap-view-framed .elementor-drop-cap{color:#69727d;border:3px solid;background-color:transparent}.elementor-widget-text-editor:not(.elementor-drop-cap-view-default) .elementor-drop-cap{margin-top:8px}.elementor-widget-text-editor:not(.elementor-drop-cap-view-default) .elementor-drop-cap-letter{width:1em;height:1em}.elementor-widget-text-editor .elementor-drop-cap{float:left;text-align:center;line-height:1;font-size:50px}.elementor-widget-text-editor .elementor-drop-cap-letter{display:inline-block}<\/style>\t\t\t\t<p>Desenvolvida com o seu conforto e sustentabilidade em mente, esta torneira oferece uma solu\u00e7\u00e3o inteligente para reduzir o desperd\u00edcio de recursos preciosos, especialmente g\u00e1s.<\/p><p>Com esta torneira, nunca mais ter\u00e1 de se preocupar em abrir acidentalmente a torneira em \u00e1gua quente. Ao fornecer \u00e1gua fria instantaneamente, elimina-se o risco de gasto desnecess\u00e1rio de g\u00e1s para aquecer \u00e1gua que n\u00e3o ser\u00e1 utilizada. Esta funcionalidade n\u00e3o s\u00f3 poupa recursos como tamb\u00e9m ajuda a reduzir a sua pegada de carbono, contribuindo para um ambiente mais sustent\u00e1vel.<\/p><p>Al\u00e9m da sua vantagem ambiental, esta torneira oferece uma experi\u00eancia de utiliza\u00e7\u00e3o conveniente e eficiente. Com um design elegante e com pormenores diferenciados, \u00e9 a escolha perfeita para qualquer lar preocupado com o meio ambiente.<\/p><p>Fa\u00e7a parte da mudan\u00e7a para um futuro mais sustent\u00e1vel com a Torneira Picota. Desfrute de \u00e1gua fria instant\u00e2nea, sem desperd\u00edcio, e fa\u00e7a a diferen\u00e7a no seu dia a dia.\u00a0<\/p>\t\t\t\t\t\t<\/div>\n\t\t\t\t<\/div>\n\t\t\t\t\t<\/div>\n\t\t<\/div>\n\t\t\t\t<div class=\"elementor-column elementor-col-50 elementor-inner-column elementor-element elementor-element-7b09d82a\" data-id=\"7b09d82a\" data-element_type=\"column\">\n\t\t\t<div class=\"elementor-widget-wrap elementor-element-populated\">\n\t\t\t\t\t\t<div class=\"elementor-element elementor-element-6d31626b de_scroll_animation_no elementor-invisible elementor-widget elementor-widget-image\" data-id=\"6d31626b\" data-element_type=\"widget\" data-settings=\"{&quot;_animation&quot;:&quot;fadeInUp&quot;}\" data-widget_type=\"image.default\">\n\t\t\t\t<div class=\"elementor-widget-container\">\n\t\t\t<style>\/*! elementor - v3.19.0 - 05-02-2024 *\/\n.elementor-widget-image{text-align:center}.elementor-widget-image a{display:inline-block}.elementor-widget-image a img[src$=\".svg\"]{width:48px}.elementor-widget-image img{vertical-align:middle;display:inline-block}<\/style>\t\t\t\t\t\t\t\t\t\t<img fetchpriority=\"high\" decoding=\"async\" width=\"1375\" height=\"1920\" src=\"https:\/\/picota.pt\/wp-content\/uploads\/2023\/12\/TorneirasPicota-4.webp\" class=\"attachment-full size-full wp-image-2769\" alt=\"\" srcset=\"https:\/\/picota.pt\/wp-content\/uploads\/2023\/12\/TorneirasPicota-4.webp 1375w, https:\/\/picota.pt\/wp-content\/uploads\/2023\/12\/TorneirasPicota-4-1466x2048.webp 1374w\" sizes=\"(max-width: 1375px) 100vw, 1375px\" \/>\t\t\t\t\t\t\t\t\t\t\t\t\t<\/div>\n\t\t\t\t<\/div>\n\t\t\t\t\t<\/div>\n\t\t<\/div>\n\t\t\t\t\t<\/div>\n\t\t<\/section>\n\t\t\t\t\t<\/div>\n\t\t<\/div>\n\t\t\t\t\t<\/div>\n\t\t<\/section>\n\t\t\t\t<section class=\"elementor-section elementor-top-section elementor-element elementor-element-e0e26ee elementor-section-content-middle elementor-section-boxed elementor-section-height-default elementor-section-height-default\" data-id=\"e0e26ee\" data-element_type=\"section\" data-settings=\"{&quot;background_background&quot;:&quot;classic&quot;,&quot;shape_divider_bottom&quot;:&quot;split&quot;}\">\n\t\t\t\t\t<div class=\"elementor-shape elementor-shape-bottom\" data-negative=\"false\">\n\t\t\t<svg xmlns=\"http:\/\/www.w3.org\/2000\/svg\" viewBox=\"0 0 1000 20\" preserveAspectRatio=\"none\">\n\t<path class=\"elementor-shape-fill\" d=\"M0,0v3c0,0,393.8,0,483.4,0c9.2,0,16.6,7.4,16.6,16.6c0-9.1,7.4-16.6,16.6-16.6C606.2,3,1000,3,1000,3V0H0z\"\/>\n<\/svg>\t\t<\/div>\n\t\t\t\t\t<div class=\"elementor-container elementor-column-gap-default\">\n\t\t\t\t\t<div class=\"elementor-column elementor-col-50 elementor-top-column elementor-element elementor-element-6334d012\" data-id=\"6334d012\" data-element_type=\"column\">\n\t\t\t<div class=\"elementor-widget-wrap elementor-element-populated\">\n\t\t\t\t\t\t<div class=\"elementor-element elementor-element-4af31d97 de_scroll_animation_no elementor-widget elementor-widget-heading\" data-id=\"4af31d97\" data-element_type=\"widget\" data-widget_type=\"heading.default\">\n\t\t\t\t<div class=\"elementor-widget-container\">\n\t\t\t<h2 class=\"elementor-heading-title elementor-size-default\">INTERESSADO EM SABER MAIS?<\/h2>\t\t<\/div>\n\t\t\t\t<\/div>\n\t\t\t\t<div class=\"elementor-element elementor-element-48d8e213 de_scroll_animation_no elementor-widget elementor-widget-text-editor\" data-id=\"48d8e213\" data-element_type=\"widget\" data-widget_type=\"text-editor.default\">\n\t\t\t\t<div class=\"elementor-widget-container\">\n\t\t\t\t\t\t\t<p>Entre em contacto connosco para saber onde pode adquirir esta torneira.<\/p>\t\t\t\t\t\t<\/div>\n\t\t\t\t<\/div>\n\t\t\t\t\t<\/div>\n\t\t<\/div>\n\t\t\t\t<div class=\"elementor-column elementor-col-50 elementor-top-column elementor-element elementor-element-5c70c148\" data-id=\"5c70c148\" data-element_type=\"column\">\n\t\t\t<div class=\"elementor-widget-wrap elementor-element-populated\">\n\t\t\t\t\t\t<div class=\"elementor-element elementor-element-32db2d9f elementor-align-right elementor-tablet-align-center elementor-mobile-align-center de_scroll_animation_no elementor-widget elementor-widget-button\" data-id=\"32db2d9f\" data-element_type=\"widget\" data-widget_type=\"button.default\">\n\t\t\t\t<div class=\"elementor-widget-container\">\n\t\t\t\t\t<div class=\"elementor-button-wrapper\">\n\t\t\t<a class=\"elementor-button elementor-button-link elementor-size-sm\" href=\"\">\n\t\t\t\t\t\t<span class=\"elementor-button-content-wrapper\">\n\t\t\t\t\t\t<span class=\"elementor-button-text\">Contacta-nos<\/span>\n\t\t<\/span>\n\t\t\t\t\t<\/a>\n\t\t<\/div>\n\t\t\t\t<\/div>\n\t\t\t\t<\/div>\n\t\t\t\t\t<\/div>\n\t\t<\/div>\n\t\t\t\t\t<\/div>\n\t\t<\/section>\n\t\t\t\t<\/div>\n\t\t","protected":false},"excerpt":{"rendered":"<p>\/*! elementor &#8211; v3.18.0 &#8211; 20-12-2023 *\/ .elementor-heading-title{padding:0;margin:0;line-height:1}.elementor-widget-heading .elementor-heading-title[class*=elementor-size-]&gt;a{color:inherit;font-size:inherit;line-height:inherit}.elementor-widget-heading .elementor-heading-title.elementor-size-small{font-size:15px}.elementor-widget-heading .elementor-heading-title.elementor-size-medium{font-size:19px}.elementor-widget-heading .elementor-heading-title.elementor-size-large{font-size:29px}.elementor-widget-heading .elementor-heading-title.elementor-size-xl{font-size:39px}.elementor-widget-heading .elementor-heading-title.elementor-size-xxl{font-size:59px} Picota A OP\u00c7\u00c3O SUSTENT\u00c1VEL PARA A SUA CASA \/*! elementor &#8211; v3.18.0 &#8211; 20-12-2023 *\/ .elementor-column .elementor-spacer-inner{height:var(&#8211;spacer-size)}.e-con{&#8211;container-widget-width:100%}.e-con-inner&gt;.elementor-widget-spacer,.e-con&gt;.elementor-widget-spacer{width:var(&#8211;container-widget-width,var(&#8211;spacer-size));&#8211;align-self:var(&#8211;container-widget-align-self,initial);&#8211;flex-shrink:0}.e-con-inner&gt;.elementor-widget-spacer&gt;.elementor-widget-container,.e-con&gt;.elementor-widget-spacer&gt;.elementor-widget-container{height:100%;width:100%}.e-con-inner&gt;.elementor-widget-spacer&gt;.elementor-widget-container&gt;.elementor-spacer,.e-con&gt;.elementor-widget-spacer&gt;.elementor-widget-container&gt;.elementor-spacer{height:100%}.e-con-inner&gt;.elementor-widget-spacer&gt;.elementor-widget-container&gt;.elementor-spacer&gt;.elementor-spacer-inner,.e-con&gt;.elementor-widget-spacer&gt;.elementor-widget-container&gt;.elementor-spacer&gt;.elementor-spacer-inner{height:var(&#8211;container-widget-height,var(&#8211;spacer-size))}.e-con-inner&gt;.elementor-widget-spacer.elementor-widget-empty,.e-con&gt;.elementor-widget-spacer.elementor-widget-empty{position:relative;min-height:22px;min-width:22px}.e-con-inner&gt;.elementor-widget-spacer.elementor-widget-empty .elementor-widget-empty-icon,.e-con&gt;.elementor-widget-spacer.elementor-widget-empty .elementor-widget-empty-icon{position:absolute;top:0;bottom:0;left:0;right:0;margin:auto;padding:0;width:22px;height:22px} Desenvolvida com o seu conforto e sustentabilidade em mente, esta torneira oferece uma solu\u00e7\u00e3o inteligente para reduzir o desperd\u00edcio de recursos preciosos, [&hellip;]<\/p>\n","protected":false},"author":1,"featured_media":0,"parent":0,"menu_order":0,"comment_status":"closed","ping_status":"closed","template":"elementor_header_footer","meta":{"footnotes":""},"yoast_head":"<!-- This site is optimized with the Yoast SEO plugin v22.3 - https:\/\/yoast.com\/wordpress\/plugins\/seo\/ -->\n<title>Torneira Dourada - Torneiras Picota<\/title>\n<meta name=\"description\" content=\"Descubra a op\u00e7\u00e3o sustent\u00e1vel para a sua casa com a Torneira Picota.Reduza a sua pegada de carbono e desfrute de uma experi\u00eancia eficiente.\" \/>\n<meta name=\"robots\" content=\"index, follow, max-snippet:-1, max-image-preview:large, max-video-preview:-1\" \/>\n<link rel=\"canonical\" href=\"https:\/\/picota.pt\/index.php\/torneira-preta\/\" \/>\n<meta property=\"og:locale\" content=\"en_US\" \/>\n<meta property=\"og:type\" content=\"article\" \/>\n<meta property=\"og:title\" content=\"Torneira Dourada - Torneiras Picota\" \/>\n<meta property=\"og:description\" content=\"Descubra a op\u00e7\u00e3o sustent\u00e1vel para a sua casa com a Torneira Picota.Reduza a sua pegada de carbono e desfrute de uma experi\u00eancia eficiente.\" \/>\n<meta property=\"og:url\" content=\"https:\/\/picota.pt\/index.php\/torneira-preta\/\" \/>\n<meta property=\"og:site_name\" content=\"Torneiras Picota\" \/>\n<meta property=\"article:publisher\" content=\"https:\/\/www.facebook.com\/people\/Torneiras-Picota\/61556779479458\/\" \/>\n<meta property=\"article:modified_time\" content=\"2024-04-02T19:30:02+00:00\" \/>\n<meta property=\"og:image\" content=\"https:\/\/picota.pt\/wp-content\/uploads\/2023\/12\/TorneirasPicota-4-scaled-e1706881404657.jpg\" \/>\n<meta name=\"twitter:card\" content=\"summary_large_image\" \/>\n<meta name=\"twitter:label1\" content=\"Est. reading time\" \/>\n\t<meta name=\"twitter:data1\" content=\"2 minutes\" \/>\n<script type=\"application\/ld+json\" class=\"yoast-schema-graph\">{\"@context\":\"https:\/\/schema.org\",\"@graph\":[{\"@type\":\"WebPage\",\"@id\":\"https:\/\/picota.pt\/index.php\/torneira-preta\/\",\"url\":\"https:\/\/picota.pt\/index.php\/torneira-preta\/\",\"name\":\"Torneira Dourada - Torneiras Picota\",\"isPartOf\":{\"@id\":\"https:\/\/picota.pt\/#website\"},\"primaryImageOfPage\":{\"@id\":\"https:\/\/picota.pt\/index.php\/torneira-preta\/#primaryimage\"},\"image\":{\"@id\":\"https:\/\/picota.pt\/index.php\/torneira-preta\/#primaryimage\"},\"thumbnailUrl\":\"https:\/\/picota.pt\/wp-content\/uploads\/2023\/12\/TorneirasPicota-4-scaled-e1706881404657.jpg\",\"datePublished\":\"2024-02-02T13:51:02+00:00\",\"dateModified\":\"2024-04-02T19:30:02+00:00\",\"description\":\"Descubra a op\u00e7\u00e3o sustent\u00e1vel para a sua casa com a Torneira Picota.Reduza a sua pegada de carbono e desfrute de uma experi\u00eancia eficiente.\",\"breadcrumb\":{\"@id\":\"https:\/\/picota.pt\/index.php\/torneira-preta\/#breadcrumb\"},\"inLanguage\":\"en-US\",\"potentialAction\":[{\"@type\":\"ReadAction\",\"target\":[\"https:\/\/picota.pt\/index.php\/torneira-preta\/\"]}]},{\"@type\":\"ImageObject\",\"inLanguage\":\"en-US\",\"@id\":\"https:\/\/picota.pt\/index.php\/torneira-preta\/#primaryimage\",\"url\":\"https:\/\/picota.pt\/wp-content\/uploads\/2023\/12\/TorneirasPicota-4-scaled-e1706881404657.jpg\",\"contentUrl\":\"https:\/\/picota.pt\/wp-content\/uploads\/2023\/12\/TorneirasPicota-4-scaled-e1706881404657.jpg\"},{\"@type\":\"BreadcrumbList\",\"@id\":\"https:\/\/picota.pt\/index.php\/torneira-preta\/#breadcrumb\",\"itemListElement\":[{\"@type\":\"ListItem\",\"position\":1,\"name\":\"Home\",\"item\":\"https:\/\/picota.pt\/\"},{\"@type\":\"ListItem\",\"position\":2,\"name\":\"Torneira dourada\"}]},{\"@type\":\"WebSite\",\"@id\":\"https:\/\/picota.pt\/#website\",\"url\":\"https:\/\/picota.pt\/\",\"name\":\"Torneiras Picota\",\"description\":\"Inova\u00e7\u00e3o que flui, eleg\u00e2ncia que perdura\",\"publisher\":{\"@id\":\"https:\/\/picota.pt\/#organization\"},\"alternateName\":\"Torneiras Picota\",\"potentialAction\":[{\"@type\":\"SearchAction\",\"target\":{\"@type\":\"EntryPoint\",\"urlTemplate\":\"https:\/\/picota.pt\/?s={search_term_string}\"},\"query-input\":\"required name=search_term_string\"}],\"inLanguage\":\"en-US\"},{\"@type\":\"Organization\",\"@id\":\"https:\/\/picota.pt\/#organization\",\"name\":\"Torneiras Picota\",\"alternateName\":\"Picota\",\"url\":\"https:\/\/picota.pt\/\",\"logo\":{\"@type\":\"ImageObject\",\"inLanguage\":\"en-US\",\"@id\":\"https:\/\/picota.pt\/#\/schema\/logo\/image\/\",\"url\":\"https:\/\/picota.pt\/wp-content\/uploads\/2024\/03\/PICOTA-yaostseo.png\",\"contentUrl\":\"https:\/\/picota.pt\/wp-content\/uploads\/2024\/03\/PICOTA-yaostseo.png\",\"width\":696,\"height\":696,\"caption\":\"Torneiras Picota\"},\"image\":{\"@id\":\"https:\/\/picota.pt\/#\/schema\/logo\/image\/\"},\"sameAs\":[\"https:\/\/www.facebook.com\/people\/Torneiras-Picota\/61556779479458\/\",\"https:\/\/www.instagram.com\/torneiraspicota\/\",\"https:\/\/www.linkedin.com\/company\/torneiraspicota\"]}]}<\/script>\n<!-- \/ Yoast SEO plugin. -->","yoast_head_json":{"title":"Torneira Dourada - Torneiras Picota","description":"Descubra a op\u00e7\u00e3o sustent\u00e1vel para a sua casa com a Torneira Picota.Reduza a sua pegada de carbono e desfrute de uma experi\u00eancia eficiente.","robots":{"index":"index","follow":"follow","max-snippet":"max-snippet:-1","max-image-preview":"max-image-preview:large","max-video-preview":"max-video-preview:-1"},"canonical":"https:\/\/picota.pt\/index.php\/torneira-preta\/","og_locale":"en_US","og_type":"article","og_title":"Torneira Dourada - Torneiras Picota","og_description":"Descubra a op\u00e7\u00e3o sustent\u00e1vel para a sua casa com a Torneira Picota.Reduza a sua pegada de carbono e desfrute de uma experi\u00eancia eficiente.","og_url":"https:\/\/picota.pt\/index.php\/torneira-preta\/","og_site_name":"Torneiras Picota","article_publisher":"https:\/\/www.facebook.com\/people\/Torneiras-Picota\/61556779479458\/","article_modified_time":"2024-04-02T19:30:02+00:00","og_image":[{"url":"https:\/\/picota.pt\/wp-content\/uploads\/2023\/12\/TorneirasPicota-4-scaled-e1706881404657.jpg"}],"twitter_card":"summary_large_image","twitter_misc":{"Est. reading time":"2 minutes"},"schema":{"@context":"https:\/\/schema.org","@graph":[{"@type":"WebPage","@id":"https:\/\/picota.pt\/index.php\/torneira-preta\/","url":"https:\/\/picota.pt\/index.php\/torneira-preta\/","name":"Torneira Dourada - Torneiras Picota","isPartOf":{"@id":"https:\/\/picota.pt\/#website"},"primaryImageOfPage":{"@id":"https:\/\/picota.pt\/index.php\/torneira-preta\/#primaryimage"},"image":{"@id":"https:\/\/picota.pt\/index.php\/torneira-preta\/#primaryimage"},"thumbnailUrl":"https:\/\/picota.pt\/wp-content\/uploads\/2023\/12\/TorneirasPicota-4-scaled-e1706881404657.jpg","datePublished":"2024-02-02T13:51:02+00:00","dateModified":"2024-04-02T19:30:02+00:00","description":"Descubra a op\u00e7\u00e3o sustent\u00e1vel para a sua casa com a Torneira Picota.Reduza a sua pegada de carbono e desfrute de uma experi\u00eancia eficiente.","breadcrumb":{"@id":"https:\/\/picota.pt\/index.php\/torneira-preta\/#breadcrumb"},"inLanguage":"en-US","potentialAction":[{"@type":"ReadAction","target":["https:\/\/picota.pt\/index.php\/torneira-preta\/"]}]},{"@type":"ImageObject","inLanguage":"en-US","@id":"https:\/\/picota.pt\/index.php\/torneira-preta\/#primaryimage","url":"https:\/\/picota.pt\/wp-content\/uploads\/2023\/12\/TorneirasPicota-4-scaled-e1706881404657.jpg","contentUrl":"https:\/\/picota.pt\/wp-content\/uploads\/2023\/12\/TorneirasPicota-4-scaled-e1706881404657.jpg"},{"@type":"BreadcrumbList","@id":"https:\/\/picota.pt\/index.php\/torneira-preta\/#breadcrumb","itemListElement":[{"@type":"ListItem","position":1,"name":"Home","item":"https:\/\/picota.pt\/"},{"@type":"ListItem","position":2,"name":"Torneira dourada"}]},{"@type":"WebSite","@id":"https:\/\/picota.pt\/#website","url":"https:\/\/picota.pt\/","name":"Torneiras Picota","description":"Inova\u00e7\u00e3o que flui, eleg\u00e2ncia que perdura","publisher":{"@id":"https:\/\/picota.pt\/#organization"},"alternateName":"Torneiras Picota","potentialAction":[{"@type":"SearchAction","target":{"@type":"EntryPoint","urlTemplate":"https:\/\/picota.pt\/?s={search_term_string}"},"query-input":"required name=search_term_string"}],"inLanguage":"en-US"},{"@type":"Organization","@id":"https:\/\/picota.pt\/#organization","name":"Torneiras Picota","alternateName":"Picota","url":"https:\/\/picota.pt\/","logo":{"@type":"ImageObject","inLanguage":"en-US","@id":"https:\/\/picota.pt\/#\/schema\/logo\/image\/","url":"https:\/\/picota.pt\/wp-content\/uploads\/2024\/03\/PICOTA-yaostseo.png","contentUrl":"https:\/\/picota.pt\/wp-content\/uploads\/2024\/03\/PICOTA-yaostseo.png","width":696,"height":696,"caption":"Torneiras Picota"},"image":{"@id":"https:\/\/picota.pt\/#\/schema\/logo\/image\/"},"sameAs":["https:\/\/www.facebook.com\/people\/Torneiras-Picota\/61556779479458\/","https:\/\/www.instagram.com\/torneiraspicota\/","https:\/\/www.linkedin.com\/company\/torneiraspicota"]}]}},"_links":{"self":[{"href":"https:\/\/picota.pt\/index.php\/wp-json\/wp\/v2\/pages\/2776"}],"collection":[{"href":"https:\/\/picota.pt\/index.php\/wp-json\/wp\/v2\/pages"}],"about":[{"href":"https:\/\/picota.pt\/index.php\/wp-json\/wp\/v2\/types\/page"}],"author":[{"embeddable":true,"href":"https:\/\/picota.pt\/index.php\/wp-json\/wp\/v2\/users\/1"}],"replies":[{"embeddable":true,"href":"https:\/\/picota.pt\/index.php\/wp-json\/wp\/v2\/comments?post=2776"}],"version-history":[{"count":1,"href":"https:\/\/picota.pt\/index.php\/wp-json\/wp\/v2\/pages\/2776\/revisions"}],"predecessor-version":[{"id":2987,"href":"https:\/\/picota.pt\/index.php\/wp-json\/wp\/v2\/pages\/2776\/revisions\/2987"}],"wp:attachment":[{"href":"https:\/\/picota.pt\/index.php\/wp-json\/wp\/v2\/media?parent=2776"}],"curies":[{"name":"wp","href":"https:\/\/api.w.org\/{rel}","templated":true}]}}